{"id":212,"date":"2025-09-15T11:58:52","date_gmt":"2025-09-15T08:58:52","guid":{"rendered":"https:\/\/www.cicekhaliyikama.com.tr\/?page_id=212"},"modified":"2025-09-15T19:23:23","modified_gmt":"2025-09-15T16:23:23","slug":"hali-kilim-yikama","status":"publish","type":"page","link":"https:\/\/www.cicekhaliyikama.com.tr\/index.php\/hali-kilim-yikama\/","title":{"rendered":"Hal\u0131\/Kilim Y\u0131kama"},"content":{"rendered":"\n<h2 class=\"wp-block-heading has-text-align-center has-background\" style=\"background:linear-gradient(177deg,rgb(88,179,213) 0%,rgb(254,45,45) 50%,rgb(71,152,190) 99%)\">HALI\/K\u0130L\u0130M YIKAMA<\/h2>\n\n\n\n<div class=\"wp-block-columns has-background is-layout-flex wp-container-core-columns-is-layout-28f84493 wp-block-columns-is-layout-flex\" style=\"background:linear-gradient(135deg,rgb(74,146,182) 0%,rgb(254,45,45) 50%,rgb(82,167,192) 100%)\">\n<div class=\"wp-block-column is-layout-flow wp-block-column-is-layout-flow\">\n<figure class=\"wp-block-image size-large\"><img loading=\"lazy\" decoding=\"async\" width=\"1024\" height=\"886\" src=\"https:\/\/www.cicekhaliyikama.com.tr\/wp-content\/uploads\/2025\/09\/WhatsApp-Gorsel-2025-09-13-saat-20.23.30_581795bc-1024x886.jpg\" alt=\"\" class=\"wp-image-219\" srcset=\"https:\/\/www.cicekhaliyikama.com.tr\/wp-content\/uploads\/2025\/09\/WhatsApp-Gorsel-2025-09-13-saat-20.23.30_581795bc-1024x886.jpg 1024w, https:\/\/www.cicekhaliyikama.com.tr\/wp-content\/uploads\/2025\/09\/WhatsApp-Gorsel-2025-09-13-saat-20.23.30_581795bc-300x259.jpg 300w, https:\/\/www.cicekhaliyikama.com.tr\/wp-content\/uploads\/2025\/09\/WhatsApp-Gorsel-2025-09-13-saat-20.23.30_581795bc-768x664.jpg 768w, https:\/\/www.cicekhaliyikama.com.tr\/wp-content\/uploads\/2025\/09\/WhatsApp-Gorsel-2025-09-13-saat-20.23.30_581795bc.jpg 1080w\" sizes=\"auto, (max-width: 1024px) 100vw, 1024px\" \/><\/figure>\n<\/div>\n\n\n\n<div class=\"wp-block-column is-vertically-aligned-center is-layout-flow wp-block-column-is-layout-flow\">\n<p>Ev ve i\u015f yerlerinizde kulland\u0131\u011f\u0131n\u0131z <strong>hal\u0131 ve kilimler<\/strong>, zamanla toz, kir, leke ve mikroplar\u0131 i\u00e7ine hapseder. D\u00fczenli temizlik yap\u0131lmad\u0131\u011f\u0131nda hem sa\u011fl\u0131\u011f\u0131n\u0131z\u0131 olumsuz etkiler hem de hal\u0131 ve kilimlerin \u00f6mr\u00fcn\u00fc k\u0131salt\u0131r. <strong>\u00c7\u0130\u00c7EK HALI YIKAMA<\/strong> olarak biz, her t\u00fcr <strong>hal\u0131 y\u0131kama<\/strong> ve <strong>kilim y\u0131kama<\/strong> i\u015flemini profesyonel ekipman ve \u00f6zel temizlik \u00fcr\u00fcnleriyle ger\u00e7ekle\u015ftiriyoruz<\/p>\n<\/div>\n<\/div>\n\n\n\n<div class=\"wp-block-columns has-background is-layout-flex wp-container-core-columns-is-layout-28f84493 wp-block-columns-is-layout-flex\" style=\"background:linear-gradient(170deg,rgb(66,142,175) 0%,rgb(254,45,45) 50%,rgb(61,111,164) 100%)\">\n<div class=\"wp-block-column is-vertically-aligned-center is-layout-flow wp-block-column-is-layout-flow\">\n<h3 class=\"wp-block-heading has-text-align-center\">Hal\u0131 Y\u0131kama<\/h3>\n\n\n\n<ul class=\"wp-block-list\">\n<li>Makine hal\u0131s\u0131, y\u00fcn ve pelu\u015f hal\u0131lar i\u00e7in \u00f6zel y\u0131kama programlar\u0131<\/li>\n\n\n\n<li>Antibakteriyel ve sa\u011fl\u0131\u011fa zarar\u0131 olmayan \u015fampuanlarla derinlemesine temizlik<\/li>\n\n\n\n<li>Kapal\u0131 ve hijyenik ortamlarda h\u0131zl\u0131 kurutma<\/li>\n\n\n\n<li>\u00dccretsiz servis ve zaman\u0131nda teslimat garantisi<\/li>\n<\/ul>\n<\/div>\n\n\n\n<div class=\"wp-block-column is-layout-flow wp-block-column-is-layout-flow\">\n<figure class=\"wp-block-image aligncenter size-large wp-duotone-unset-1\"><img loading=\"lazy\" decoding=\"async\" width=\"998\" height=\"1024\" src=\"https:\/\/www.cicekhaliyikama.com.tr\/wp-content\/uploads\/2025\/09\/WhatsApp-Gorsel-2025-09-13-saat-20.23.29_3ddb98a2-998x1024.jpg\" alt=\"\" class=\"wp-image-221\" srcset=\"https:\/\/www.cicekhaliyikama.com.tr\/wp-content\/uploads\/2025\/09\/WhatsApp-Gorsel-2025-09-13-saat-20.23.29_3ddb98a2-998x1024.jpg 998w, https:\/\/www.cicekhaliyikama.com.tr\/wp-content\/uploads\/2025\/09\/WhatsApp-Gorsel-2025-09-13-saat-20.23.29_3ddb98a2-292x300.jpg 292w, https:\/\/www.cicekhaliyikama.com.tr\/wp-content\/uploads\/2025\/09\/WhatsApp-Gorsel-2025-09-13-saat-20.23.29_3ddb98a2-768x788.jpg 768w, https:\/\/www.cicekhaliyikama.com.tr\/wp-content\/uploads\/2025\/09\/WhatsApp-Gorsel-2025-09-13-saat-20.23.29_3ddb98a2.jpg 1080w\" sizes=\"auto, (max-width: 998px) 100vw, 998px\" \/><\/figure>\n<\/div>\n<\/div>\n\n\n\n<div class=\"wp-block-columns has-background is-layout-flex wp-container-core-columns-is-layout-28f84493 wp-block-columns-is-layout-flex\" style=\"background:linear-gradient(172deg,rgb(63,135,187) 0%,rgb(190,17,17) 50%,rgb(73,107,192) 100%)\">\n<div class=\"wp-block-column is-layout-flow wp-block-column-is-layout-flow\">\n<figure class=\"wp-block-image size-large\"><img loading=\"lazy\" decoding=\"async\" width=\"1024\" height=\"1009\" src=\"https:\/\/www.cicekhaliyikama.com.tr\/wp-content\/uploads\/2025\/09\/WhatsApp-Gorsel-2025-09-13-saat-20.23.32_9a879f7a-1024x1009.jpg\" alt=\"\" class=\"wp-image-220\" srcset=\"https:\/\/www.cicekhaliyikama.com.tr\/wp-content\/uploads\/2025\/09\/WhatsApp-Gorsel-2025-09-13-saat-20.23.32_9a879f7a-1024x1009.jpg 1024w, https:\/\/www.cicekhaliyikama.com.tr\/wp-content\/uploads\/2025\/09\/WhatsApp-Gorsel-2025-09-13-saat-20.23.32_9a879f7a-300x296.jpg 300w, https:\/\/www.cicekhaliyikama.com.tr\/wp-content\/uploads\/2025\/09\/WhatsApp-Gorsel-2025-09-13-saat-20.23.32_9a879f7a-768x757.jpg 768w, https:\/\/www.cicekhaliyikama.com.tr\/wp-content\/uploads\/2025\/09\/WhatsApp-Gorsel-2025-09-13-saat-20.23.32_9a879f7a.jpg 1080w\" sizes=\"auto, (max-width: 1024px) 100vw, 1024px\" \/><\/figure>\n<\/div>\n\n\n\n<div class=\"wp-block-column is-vertically-aligned-center is-layout-flow wp-block-column-is-layout-flow\">\n<h3 class=\"wp-block-heading has-text-align-center\">Kilim Y\u0131kama<\/h3>\n\n\n\n<ul class=\"wp-block-list\">\n<li>El dokuma kilimler i\u00e7in renk ve dokuya zarar vermeyen \u00f6zel temizlik y\u00f6ntemleri<\/li>\n\n\n\n<li>\u0130nce yap\u0131l\u0131 ve hassas kilimlerde profesyonel bak\u0131m<\/li>\n\n\n\n<li>Y\u0131pranmay\u0131 \u00f6nleyen \u00f6zenli y\u0131kama teknikleri<\/li>\n\n\n\n<li>Uzun \u00f6m\u00fcrl\u00fc kullan\u0131m i\u00e7in hijyenik ve g\u00fcvenilir temizlik<\/li>\n<\/ul>\n<\/div>\n<\/div>\n\n\n\n<h4 class=\"wp-block-heading has-text-align-center has-background\" style=\"background:linear-gradient(180deg,rgb(80,150,208) 0%,rgb(254,45,45) 50%,rgb(79,145,196) 100%)\">Hal\u0131lar\u0131n\u0131zda <mark style=\"background-color:rgba(0, 0, 0, 0)\" class=\"has-inline-color has-ast-global-color-3-color\">hijyen<\/mark>, kilimlerinizde <mark style=\"background-color:rgba(0, 0, 0, 0)\" class=\"has-inline-color has-ast-global-color-3-color\">\u00f6zen <\/mark>i\u00e7in do\u011fru adres:<strong><mark style=\"background-color:rgba(0, 0, 0, 0)\" class=\"has-inline-color has-ast-global-color-0-color\">\u00c7\u0130\u00c7EK HALI YIKAMA<\/mark><\/strong><\/h4>\n\n\n\n<p><\/p>\n","protected":false},"excerpt":{"rendered":"<p>HALI\/K\u0130L\u0130M YIKAMA Ev ve i\u015f yerlerinizde kulland\u0131\u011f\u0131n\u0131z hal\u0131 ve kilimler, zamanla toz, kir, leke ve mikroplar\u0131 i\u00e7ine hapseder. D\u00fczenli temizlik [&hellip;]<\/p>\n","protected":false},"author":1,"featured_media":0,"parent":0,"menu_order":0,"comment_status":"closed","ping_status":"closed","template":"","meta":{"site-sidebar-layout":"default","site-content-layout":"","ast-site-content-layout":"default","site-content-style":"default","site-sidebar-style":"default","ast-global-header-display":"","ast-banner-title-visibility":"","ast-main-header-display":"","ast-hfb-above-header-display":"","ast-hfb-below-header-display":"","ast-hfb-mobile-header-display":"","site-post-title":"disabled","ast-breadcrumbs-content":"","ast-featured-img":"","footer-sml-layout":"","theme-transparent-header-meta":"","adv-header-id-meta":"","stick-header-meta":"","header-above-stick-meta":"","header-main-stick-meta":"","header-below-stick-meta":"","astra-migrate-meta-layouts":"default","ast-page-background-enabled":"default","ast-page-background-meta":{"desktop":{"background-color":"var(--ast-global-color-5)","background-image":"","background-repeat":"repeat","background-position":"center center","background-size":"auto","background-attachment":"scroll","background-type":"","background-media":"","overlay-type":"","overlay-color":"","overlay-opacity":"","overlay-gradient":""},"tablet":{"background-color":"","background-image":"","background-repeat":"repeat","background-position":"center center","background-size":"auto","background-attachment":"scroll","background-type":"","background-media":"","overlay-type":"","overlay-color":"","overlay-opacity":"","overlay-gradient":""},"mobile":{"background-color":"","background-image":"","background-repeat":"repeat","background-position":"center center","background-size":"auto","background-attachment":"scroll","background-type":"","background-media":"","overlay-type":"","overlay-color":"","overlay-opacity":"","overlay-gradient":""}},"ast-content-background-meta":{"desktop":{"background-color":"var(--ast-global-color-4)","background-image":"","background-repeat":"repeat","background-position":"center center","background-size":"auto","background-attachment":"scroll","background-type":"","background-media":"","overlay-type":"","overlay-color":"","overlay-opacity":"","overlay-gradient":""},"tablet":{"background-color":"var(--ast-global-color-4)","background-image":"","background-repeat":"repeat","background-position":"center center","background-size":"auto","background-attachment":"scroll","background-type":"","background-media":"","overlay-type":"","overlay-color":"","overlay-opacity":"","overlay-gradient":""},"mobile":{"background-color":"var(--ast-global-color-4)","background-image":"","background-repeat":"repeat","background-position":"center center","background-size":"auto","background-attachment":"scroll","background-type":"","background-media":"","overlay-type":"","overlay-color":"","overlay-opacity":"","overlay-gradient":""}},"footnotes":""},"class_list":["post-212","page","type-page","status-publish","hentry"],"yoast_head":"<!-- This site is optimized with the Yoast SEO plugin v25.9 - https:\/\/yoast.com\/wordpress\/plugins\/seo\/ -->\n<title>Hal\u0131\/Kilim Y\u0131kama - \u00c7\u0130\u00c7EK HALI YIKAMA<\/title>\n<meta name=\"robots\" content=\"index, follow, max-snippet:-1, max-image-preview:large, max-video-preview:-1\" \/>\n<link rel=\"canonical\" href=\"https:\/\/www.cicekhaliyikama.com.tr\/index.php\/hali-kilim-yikama\/\" \/>\n<meta property=\"og:locale\" content=\"tr_TR\" \/>\n<meta property=\"og:type\" content=\"article\" \/>\n<meta property=\"og:title\" content=\"Hal\u0131\/Kilim Y\u0131kama - \u00c7\u0130\u00c7EK HALI YIKAMA\" \/>\n<meta property=\"og:description\" content=\"HALI\/K\u0130L\u0130M YIKAMA Ev ve i\u015f yerlerinizde kulland\u0131\u011f\u0131n\u0131z hal\u0131 ve kilimler, zamanla toz, kir, leke ve mikroplar\u0131 i\u00e7ine hapseder. D\u00fczenli temizlik [&hellip;]\" \/>\n<meta property=\"og:url\" content=\"https:\/\/www.cicekhaliyikama.com.tr\/index.php\/hali-kilim-yikama\/\" \/>\n<meta property=\"og:site_name\" content=\"\u00c7\u0130\u00c7EK HALI YIKAMA\" \/>\n<meta property=\"article:modified_time\" content=\"2025-09-15T16:23:23+00:00\" \/>\n<meta property=\"og:image\" content=\"https:\/\/www.cicekhaliyikama.com.tr\/wp-content\/uploads\/2025\/09\/WhatsApp-Gorsel-2025-09-13-saat-20.23.30_581795bc.jpg\" \/>\n\t<meta property=\"og:image:width\" content=\"1080\" \/>\n\t<meta property=\"og:image:height\" content=\"934\" \/>\n\t<meta property=\"og:image:type\" content=\"image\/jpeg\" \/>\n<meta name=\"twitter:card\" content=\"summary_large_image\" \/>\n<meta name=\"twitter:label1\" content=\"Tahmini okuma s\u00fcresi\" \/>\n\t<meta name=\"twitter:data1\" content=\"1 dakika\" \/>\n<script type=\"application\/ld+json\" class=\"yoast-schema-graph\">{\"@context\":\"https:\/\/schema.org\",\"@graph\":[{\"@type\":\"WebPage\",\"@id\":\"https:\/\/www.cicekhaliyikama.com.tr\/index.php\/hali-kilim-yikama\/\",\"url\":\"https:\/\/www.cicekhaliyikama.com.tr\/index.php\/hali-kilim-yikama\/\",\"name\":\"Hal\u0131\/Kilim Y\u0131kama - \u00c7\u0130\u00c7EK HALI YIKAMA\",\"isPartOf\":{\"@id\":\"https:\/\/www.cicekhaliyikama.com.tr\/#website\"},\"primaryImageOfPage\":{\"@id\":\"https:\/\/www.cicekhaliyikama.com.tr\/index.php\/hali-kilim-yikama\/#primaryimage\"},\"image\":{\"@id\":\"https:\/\/www.cicekhaliyikama.com.tr\/index.php\/hali-kilim-yikama\/#primaryimage\"},\"thumbnailUrl\":\"https:\/\/www.cicekhaliyikama.com.tr\/wp-content\/uploads\/2025\/09\/WhatsApp-Gorsel-2025-09-13-saat-20.23.30_581795bc-1024x886.jpg\",\"datePublished\":\"2025-09-15T08:58:52+00:00\",\"dateModified\":\"2025-09-15T16:23:23+00:00\",\"breadcrumb\":{\"@id\":\"https:\/\/www.cicekhaliyikama.com.tr\/index.php\/hali-kilim-yikama\/#breadcrumb\"},\"inLanguage\":\"tr\",\"potentialAction\":[{\"@type\":\"ReadAction\",\"target\":[\"https:\/\/www.cicekhaliyikama.com.tr\/index.php\/hali-kilim-yikama\/\"]}]},{\"@type\":\"ImageObject\",\"inLanguage\":\"tr\",\"@id\":\"https:\/\/www.cicekhaliyikama.com.tr\/index.php\/hali-kilim-yikama\/#primaryimage\",\"url\":\"https:\/\/www.cicekhaliyikama.com.tr\/wp-content\/uploads\/2025\/09\/WhatsApp-Gorsel-2025-09-13-saat-20.23.30_581795bc.jpg\",\"contentUrl\":\"https:\/\/www.cicekhaliyikama.com.tr\/wp-content\/uploads\/2025\/09\/WhatsApp-Gorsel-2025-09-13-saat-20.23.30_581795bc.jpg\",\"width\":1080,\"height\":934},{\"@type\":\"BreadcrumbList\",\"@id\":\"https:\/\/www.cicekhaliyikama.com.tr\/index.php\/hali-kilim-yikama\/#breadcrumb\",\"itemListElement\":[{\"@type\":\"ListItem\",\"position\":1,\"name\":\"Anasayfa\",\"item\":\"https:\/\/www.cicekhaliyikama.com.tr\/\"},{\"@type\":\"ListItem\",\"position\":2,\"name\":\"Hal\u0131\/Kilim Y\u0131kama\"}]},{\"@type\":\"WebSite\",\"@id\":\"https:\/\/www.cicekhaliyikama.com.tr\/#website\",\"url\":\"https:\/\/www.cicekhaliyikama.com.tr\/\",\"name\":\"\u00c7\u0130\u00c7EK HALI YIKAMA\",\"description\":\"Hal\u0131lar\u0131n\u0131z\u0131 Bize Zaman\u0131n\u0131z\u0131 Sevdiklerinize Ay\u0131r\u0131n\",\"publisher\":{\"@id\":\"https:\/\/www.cicekhaliyikama.com.tr\/#organization\"},\"potentialAction\":[{\"@type\":\"SearchAction\",\"target\":{\"@type\":\"EntryPoint\",\"urlTemplate\":\"https:\/\/www.cicekhaliyikama.com.tr\/?s={search_term_string}\"},\"query-input\":{\"@type\":\"PropertyValueSpecification\",\"valueRequired\":true,\"valueName\":\"search_term_string\"}}],\"inLanguage\":\"tr\"},{\"@type\":\"Organization\",\"@id\":\"https:\/\/www.cicekhaliyikama.com.tr\/#organization\",\"name\":\"\u00c7\u0130\u00c7EK HALI YIKAMA\",\"url\":\"https:\/\/www.cicekhaliyikama.com.tr\/\",\"logo\":{\"@type\":\"ImageObject\",\"inLanguage\":\"tr\",\"@id\":\"https:\/\/www.cicekhaliyikama.com.tr\/#\/schema\/logo\/image\/\",\"url\":\"https:\/\/www.cicekhaliyikama.com.tr\/wp-content\/uploads\/2025\/09\/cropped-Adsiz-tasarim-e1757771733180.png\",\"contentUrl\":\"https:\/\/www.cicekhaliyikama.com.tr\/wp-content\/uploads\/2025\/09\/cropped-Adsiz-tasarim-e1757771733180.png\",\"width\":156,\"height\":87,\"caption\":\"\u00c7\u0130\u00c7EK HALI YIKAMA\"},\"image\":{\"@id\":\"https:\/\/www.cicekhaliyikama.com.tr\/#\/schema\/logo\/image\/\"}}]}<\/script>\n<!-- \/ Yoast SEO plugin. -->","yoast_head_json":{"title":"Hal\u0131\/Kilim Y\u0131kama - \u00c7\u0130\u00c7EK HALI YIKAMA","robots":{"index":"index","follow":"follow","max-snippet":"max-snippet:-1","max-image-preview":"max-image-preview:large","max-video-preview":"max-video-preview:-1"},"canonical":"https:\/\/www.cicekhaliyikama.com.tr\/index.php\/hali-kilim-yikama\/","og_locale":"tr_TR","og_type":"article","og_title":"Hal\u0131\/Kilim Y\u0131kama - \u00c7\u0130\u00c7EK HALI YIKAMA","og_description":"HALI\/K\u0130L\u0130M YIKAMA Ev ve i\u015f yerlerinizde kulland\u0131\u011f\u0131n\u0131z hal\u0131 ve kilimler, zamanla toz, kir, leke ve mikroplar\u0131 i\u00e7ine hapseder. D\u00fczenli temizlik [&hellip;]","og_url":"https:\/\/www.cicekhaliyikama.com.tr\/index.php\/hali-kilim-yikama\/","og_site_name":"\u00c7\u0130\u00c7EK HALI YIKAMA","article_modified_time":"2025-09-15T16:23:23+00:00","og_image":[{"width":1080,"height":934,"url":"https:\/\/www.cicekhaliyikama.com.tr\/wp-content\/uploads\/2025\/09\/WhatsApp-Gorsel-2025-09-13-saat-20.23.30_581795bc.jpg","type":"image\/jpeg"}],"twitter_card":"summary_large_image","twitter_misc":{"Tahmini okuma s\u00fcresi":"1 dakika"},"schema":{"@context":"https:\/\/schema.org","@graph":[{"@type":"WebPage","@id":"https:\/\/www.cicekhaliyikama.com.tr\/index.php\/hali-kilim-yikama\/","url":"https:\/\/www.cicekhaliyikama.com.tr\/index.php\/hali-kilim-yikama\/","name":"Hal\u0131\/Kilim Y\u0131kama - \u00c7\u0130\u00c7EK HALI YIKAMA","isPartOf":{"@id":"https:\/\/www.cicekhaliyikama.com.tr\/#website"},"primaryImageOfPage":{"@id":"https:\/\/www.cicekhaliyikama.com.tr\/index.php\/hali-kilim-yikama\/#primaryimage"},"image":{"@id":"https:\/\/www.cicekhaliyikama.com.tr\/index.php\/hali-kilim-yikama\/#primaryimage"},"thumbnailUrl":"https:\/\/www.cicekhaliyikama.com.tr\/wp-content\/uploads\/2025\/09\/WhatsApp-Gorsel-2025-09-13-saat-20.23.30_581795bc-1024x886.jpg","datePublished":"2025-09-15T08:58:52+00:00","dateModified":"2025-09-15T16:23:23+00:00","breadcrumb":{"@id":"https:\/\/www.cicekhaliyikama.com.tr\/index.php\/hali-kilim-yikama\/#breadcrumb"},"inLanguage":"tr","potentialAction":[{"@type":"ReadAction","target":["https:\/\/www.cicekhaliyikama.com.tr\/index.php\/hali-kilim-yikama\/"]}]},{"@type":"ImageObject","inLanguage":"tr","@id":"https:\/\/www.cicekhaliyikama.com.tr\/index.php\/hali-kilim-yikama\/#primaryimage","url":"https:\/\/www.cicekhaliyikama.com.tr\/wp-content\/uploads\/2025\/09\/WhatsApp-Gorsel-2025-09-13-saat-20.23.30_581795bc.jpg","contentUrl":"https:\/\/www.cicekhaliyikama.com.tr\/wp-content\/uploads\/2025\/09\/WhatsApp-Gorsel-2025-09-13-saat-20.23.30_581795bc.jpg","width":1080,"height":934},{"@type":"BreadcrumbList","@id":"https:\/\/www.cicekhaliyikama.com.tr\/index.php\/hali-kilim-yikama\/#breadcrumb","itemListElement":[{"@type":"ListItem","position":1,"name":"Anasayfa","item":"https:\/\/www.cicekhaliyikama.com.tr\/"},{"@type":"ListItem","position":2,"name":"Hal\u0131\/Kilim Y\u0131kama"}]},{"@type":"WebSite","@id":"https:\/\/www.cicekhaliyikama.com.tr\/#website","url":"https:\/\/www.cicekhaliyikama.com.tr\/","name":"\u00c7\u0130\u00c7EK HALI YIKAMA","description":"Hal\u0131lar\u0131n\u0131z\u0131 Bize Zaman\u0131n\u0131z\u0131 Sevdiklerinize Ay\u0131r\u0131n","publisher":{"@id":"https:\/\/www.cicekhaliyikama.com.tr\/#organization"},"potentialAction":[{"@type":"SearchAction","target":{"@type":"EntryPoint","urlTemplate":"https:\/\/www.cicekhaliyikama.com.tr\/?s={search_term_string}"},"query-input":{"@type":"PropertyValueSpecification","valueRequired":true,"valueName":"search_term_string"}}],"inLanguage":"tr"},{"@type":"Organization","@id":"https:\/\/www.cicekhaliyikama.com.tr\/#organization","name":"\u00c7\u0130\u00c7EK HALI YIKAMA","url":"https:\/\/www.cicekhaliyikama.com.tr\/","logo":{"@type":"ImageObject","inLanguage":"tr","@id":"https:\/\/www.cicekhaliyikama.com.tr\/#\/schema\/logo\/image\/","url":"https:\/\/www.cicekhaliyikama.com.tr\/wp-content\/uploads\/2025\/09\/cropped-Adsiz-tasarim-e1757771733180.png","contentUrl":"https:\/\/www.cicekhaliyikama.com.tr\/wp-content\/uploads\/2025\/09\/cropped-Adsiz-tasarim-e1757771733180.png","width":156,"height":87,"caption":"\u00c7\u0130\u00c7EK HALI YIKAMA"},"image":{"@id":"https:\/\/www.cicekhaliyikama.com.tr\/#\/schema\/logo\/image\/"}}]}},"_links":{"self":[{"href":"https:\/\/www.cicekhaliyikama.com.tr\/index.php\/wp-json\/wp\/v2\/pages\/212","targetHints":{"allow":["GET"]}}],"collection":[{"href":"https:\/\/www.cicekhaliyikama.com.tr\/index.php\/wp-json\/wp\/v2\/pages"}],"about":[{"href":"https:\/\/www.cicekhaliyikama.com.tr\/index.php\/wp-json\/wp\/v2\/types\/page"}],"author":[{"embeddable":true,"href":"https:\/\/www.cicekhaliyikama.com.tr\/index.php\/wp-json\/wp\/v2\/users\/1"}],"replies":[{"embeddable":true,"href":"https:\/\/www.cicekhaliyikama.com.tr\/index.php\/wp-json\/wp\/v2\/comments?post=212"}],"version-history":[{"count":9,"href":"https:\/\/www.cicekhaliyikama.com.tr\/index.php\/wp-json\/wp\/v2\/pages\/212\/revisions"}],"predecessor-version":[{"id":289,"href":"https:\/\/www.cicekhaliyikama.com.tr\/index.php\/wp-json\/wp\/v2\/pages\/212\/revisions\/289"}],"wp:attachment":[{"href":"https:\/\/www.cicekhaliyikama.com.tr\/index.php\/wp-json\/wp\/v2\/media?parent=212"}],"curies":[{"name":"wp","href":"https:\/\/api.w.org\/{rel}","templated":true}]}}