{"id":309,"date":"2025-09-20T12:56:00","date_gmt":"2025-09-20T09:56:00","guid":{"rendered":"https:\/\/www.cicekhaliyikama.com.tr\/?page_id=309"},"modified":"2025-09-20T13:32:12","modified_gmt":"2025-09-20T10:32:12","slug":"neden-biz","status":"publish","type":"page","link":"https:\/\/www.cicekhaliyikama.com.tr\/index.php\/neden-biz\/","title":{"rendered":"Neden Biz?"},"content":{"rendered":"\n<h1 class=\"wp-block-heading has-text-align-center has-background\" style=\"background:linear-gradient(90deg,rgb(89,115,208) 0%,rgb(211,41,41) 50%,rgb(50,120,207) 100%)\">Neden Biz?<\/h1>\n\n\n\n<div class=\"wp-block-columns has-background is-layout-flex wp-container-core-columns-is-layout-28f84493 wp-block-columns-is-layout-flex\" style=\"background:linear-gradient(177deg,rgb(68,108,171) 0%,rgb(254,45,45) 50%,rgb(53,99,184) 100%)\">\n<div class=\"wp-block-column is-layout-flow wp-block-column-is-layout-flow\">\n<figure class=\"wp-block-image aligncenter size-full is-resized\"><img loading=\"lazy\" decoding=\"async\" width=\"640\" height=\"640\" src=\"https:\/\/www.cicekhaliyikama.com.tr\/wp-content\/uploads\/2025\/09\/pngtree-white-van-3d-rendering-illustration-png-image_11575664.png\" alt=\"\" class=\"wp-image-200\" style=\"width:282px;height:auto\" srcset=\"https:\/\/www.cicekhaliyikama.com.tr\/wp-content\/uploads\/2025\/09\/pngtree-white-van-3d-rendering-illustration-png-image_11575664.png 640w, https:\/\/www.cicekhaliyikama.com.tr\/wp-content\/uploads\/2025\/09\/pngtree-white-van-3d-rendering-illustration-png-image_11575664-300x300.png 300w, https:\/\/www.cicekhaliyikama.com.tr\/wp-content\/uploads\/2025\/09\/pngtree-white-van-3d-rendering-illustration-png-image_11575664-150x150.png 150w\" sizes=\"auto, (max-width: 640px) 100vw, 640px\" \/><\/figure>\n<\/div>\n\n\n\n<div class=\"wp-block-column is-vertically-aligned-center is-layout-flow wp-block-column-is-layout-flow\">\n<h2 class=\"wp-block-heading has-text-align-center\">\u00dccretsiz Servis<br><br><\/h2>\n\n\n\n<p class=\"has-text-align-center\">Kayap\u0131nar, Yeni\u015fehir ve Ba\u011flar b\u00f6lgelerine evden al\u0131m ve adrese teslim hizmetimiz \u00dccretsiz Servis \u0130mkan\u0131 ile yap\u0131lmaktad\u0131r.<\/p>\n<\/div>\n<\/div>\n\n\n\n<p><\/p>\n\n\n\n<div class=\"wp-block-columns has-background is-layout-flex wp-container-core-columns-is-layout-28f84493 wp-block-columns-is-layout-flex\" style=\"background:linear-gradient(183deg,rgb(57,134,178) 0%,rgb(230,39,39) 51%,rgb(53,109,189) 97%)\">\n<div class=\"wp-block-column is-vertically-aligned-center is-layout-flow wp-block-column-is-layout-flow\">\n<h2 class=\"wp-block-heading has-text-align-center\">+15 Y\u0131ll\u0131k Tecr\u00fcbe<br><br><\/h2>\n\n\n\n<p class=\"has-text-align-center\">Profesyonel Ekip, Hijyenik Temizlik ve M\u00fc\u015fteri Memnuniyetiyle y\u0131llard\u0131r hizmetinizdeyiz.<\/p>\n<\/div>\n\n\n\n<div class=\"wp-block-column is-layout-flow wp-block-column-is-layout-flow\">\n<figure class=\"wp-block-image aligncenter size-full is-resized\"><img loading=\"lazy\" decoding=\"async\" width=\"512\" height=\"512\" src=\"https:\/\/www.cicekhaliyikama.com.tr\/wp-content\/uploads\/2025\/09\/shield.png\" alt=\"\" class=\"wp-image-135\" style=\"width:299px;height:auto\" srcset=\"https:\/\/www.cicekhaliyikama.com.tr\/wp-content\/uploads\/2025\/09\/shield.png 512w, https:\/\/www.cicekhaliyikama.com.tr\/wp-content\/uploads\/2025\/09\/shield-300x300.png 300w, https:\/\/www.cicekhaliyikama.com.tr\/wp-content\/uploads\/2025\/09\/shield-150x150.png 150w\" sizes=\"auto, (max-width: 512px) 100vw, 512px\" \/><\/figure>\n<\/div>\n<\/div>\n\n\n\n<div class=\"wp-block-columns has-background is-layout-flex wp-container-core-columns-is-layout-28f84493 wp-block-columns-is-layout-flex\" style=\"background:linear-gradient(177deg,rgb(50,96,195) 0%,rgb(254,45,45) 50%,rgb(43,81,197) 100%)\">\n<div class=\"wp-block-column is-layout-flow wp-block-column-is-layout-flow\">\n<figure class=\"wp-block-image aligncenter size-full is-resized\"><img loading=\"lazy\" decoding=\"async\" width=\"736\" height=\"488\" src=\"https:\/\/www.cicekhaliyikama.com.tr\/wp-content\/uploads\/2025\/09\/E.jpeg\" alt=\"\" class=\"wp-image-249\" style=\"width:415px;height:auto\" srcset=\"https:\/\/www.cicekhaliyikama.com.tr\/wp-content\/uploads\/2025\/09\/E.jpeg 736w, https:\/\/www.cicekhaliyikama.com.tr\/wp-content\/uploads\/2025\/09\/E-300x199.jpeg 300w\" sizes=\"auto, (max-width: 736px) 100vw, 736px\" \/><\/figure>\n<\/div>\n\n\n\n<div class=\"wp-block-column is-vertically-aligned-bottom is-layout-flow wp-block-column-is-layout-flow\">\n<h2 class=\"wp-block-heading has-text-align-center\">Son Teknolojik Ekipmanlar<br><\/h2>\n\n\n\n<p class=\"has-text-align-center\">Yeni Nesil Kurutma Teknolojimiz sayesinde hal\u0131lar\u0131n\u0131z, perdeleriniz, yorgan ve battaniyeleriniz \u00e7ok daha h\u0131zl\u0131 ve g\u00fcvenli \u015fekilde kurutulur.<\/p>\n<\/div>\n<\/div>\n","protected":false},"excerpt":{"rendered":"<p>Neden Biz? \u00dccretsiz Servis Kayap\u0131nar, Yeni\u015fehir ve Ba\u011flar b\u00f6lgelerine evden al\u0131m ve adrese teslim hizmetimiz \u00dccretsiz Servis \u0130mkan\u0131 ile yap\u0131lmaktad\u0131r. [&hellip;]<\/p>\n","protected":false},"author":1,"featured_media":0,"parent":0,"menu_order":0,"comment_status":"closed","ping_status":"closed","template":"","meta":{"site-sidebar-layout":"default","site-content-layout":"","ast-site-content-layout":"default","site-content-style":"default","site-sidebar-style":"default","ast-global-header-display":"","ast-banner-title-visibility":"","ast-main-header-display":"","ast-hfb-above-header-display":"","ast-hfb-below-header-display":"","ast-hfb-mobile-header-display":"","site-post-title":"disabled","ast-breadcrumbs-content":"","ast-featured-img":"","footer-sml-layout":"","theme-transparent-header-meta":"","adv-header-id-meta":"","stick-header-meta":"","header-above-stick-meta":"","header-main-stick-meta":"","header-below-stick-meta":"","astra-migrate-meta-layouts":"default","ast-page-background-enabled":"default","ast-page-background-meta":{"desktop":{"background-color":"var(--ast-global-color-5)","background-image":"","background-repeat":"repeat","background-position":"center center","background-size":"auto","background-attachment":"scroll","background-type":"","background-media":"","overlay-type":"","overlay-color":"","overlay-opacity":"","overlay-gradient":""},"tablet":{"background-color":"","background-image":"","background-repeat":"repeat","background-position":"center center","background-size":"auto","background-attachment":"scroll","background-type":"","background-media":"","overlay-type":"","overlay-color":"","overlay-opacity":"","overlay-gradient":""},"mobile":{"background-color":"","background-image":"","background-repeat":"repeat","background-position":"center center","background-size":"auto","background-attachment":"scroll","background-type":"","background-media":"","overlay-type":"","overlay-color":"","overlay-opacity":"","overlay-gradient":""}},"ast-content-background-meta":{"desktop":{"background-color":"var(--ast-global-color-4)","background-image":"","background-repeat":"repeat","background-position":"center center","background-size":"auto","background-attachment":"scroll","background-type":"","background-media":"","overlay-type":"","overlay-color":"","overlay-opacity":"","overlay-gradient":""},"tablet":{"background-color":"var(--ast-global-color-4)","background-image":"","background-repeat":"repeat","background-position":"center center","background-size":"auto","background-attachment":"scroll","background-type":"","background-media":"","overlay-type":"","overlay-color":"","overlay-opacity":"","overlay-gradient":""},"mobile":{"background-color":"var(--ast-global-color-4)","background-image":"","background-repeat":"repeat","background-position":"center center","background-size":"auto","background-attachment":"scroll","background-type":"","background-media":"","overlay-type":"","overlay-color":"","overlay-opacity":"","overlay-gradient":""}},"footnotes":""},"class_list":["post-309","page","type-page","status-publish","hentry"],"yoast_head":"<!-- This site is optimized with the Yoast SEO plugin v25.9 - https:\/\/yoast.com\/wordpress\/plugins\/seo\/ -->\n<title>Neden Biz? - \u00c7\u0130\u00c7EK HALI YIKAMA<\/title>\n<meta name=\"robots\" content=\"index, follow, max-snippet:-1, max-image-preview:large, max-video-preview:-1\" \/>\n<link rel=\"canonical\" href=\"https:\/\/www.cicekhaliyikama.com.tr\/index.php\/neden-biz\/\" \/>\n<meta property=\"og:locale\" content=\"tr_TR\" \/>\n<meta property=\"og:type\" content=\"article\" \/>\n<meta property=\"og:title\" content=\"Neden Biz? - \u00c7\u0130\u00c7EK HALI YIKAMA\" \/>\n<meta property=\"og:description\" content=\"Neden Biz? \u00dccretsiz Servis Kayap\u0131nar, Yeni\u015fehir ve Ba\u011flar b\u00f6lgelerine evden al\u0131m ve adrese teslim hizmetimiz \u00dccretsiz Servis \u0130mkan\u0131 ile yap\u0131lmaktad\u0131r. [&hellip;]\" \/>\n<meta property=\"og:url\" content=\"https:\/\/www.cicekhaliyikama.com.tr\/index.php\/neden-biz\/\" \/>\n<meta property=\"og:site_name\" content=\"\u00c7\u0130\u00c7EK HALI YIKAMA\" \/>\n<meta property=\"article:modified_time\" content=\"2025-09-20T10:32:12+00:00\" \/>\n<meta property=\"og:image\" content=\"https:\/\/www.cicekhaliyikama.com.tr\/wp-content\/uploads\/2025\/09\/pngtree-white-van-3d-rendering-illustration-png-image_11575664.png\" \/>\n\t<meta property=\"og:image:width\" content=\"640\" \/>\n\t<meta property=\"og:image:height\" content=\"640\" \/>\n\t<meta property=\"og:image:type\" content=\"image\/png\" \/>\n<meta name=\"twitter:card\" content=\"summary_large_image\" \/>\n<meta name=\"twitter:label1\" content=\"Tahmini okuma s\u00fcresi\" \/>\n\t<meta name=\"twitter:data1\" content=\"1 dakika\" \/>\n<script type=\"application\/ld+json\" class=\"yoast-schema-graph\">{\"@context\":\"https:\/\/schema.org\",\"@graph\":[{\"@type\":\"WebPage\",\"@id\":\"https:\/\/www.cicekhaliyikama.com.tr\/index.php\/neden-biz\/\",\"url\":\"https:\/\/www.cicekhaliyikama.com.tr\/index.php\/neden-biz\/\",\"name\":\"Neden Biz? - \u00c7\u0130\u00c7EK HALI YIKAMA\",\"isPartOf\":{\"@id\":\"https:\/\/www.cicekhaliyikama.com.tr\/#website\"},\"primaryImageOfPage\":{\"@id\":\"https:\/\/www.cicekhaliyikama.com.tr\/index.php\/neden-biz\/#primaryimage\"},\"image\":{\"@id\":\"https:\/\/www.cicekhaliyikama.com.tr\/index.php\/neden-biz\/#primaryimage\"},\"thumbnailUrl\":\"https:\/\/www.cicekhaliyikama.com.tr\/wp-content\/uploads\/2025\/09\/pngtree-white-van-3d-rendering-illustration-png-image_11575664.png\",\"datePublished\":\"2025-09-20T09:56:00+00:00\",\"dateModified\":\"2025-09-20T10:32:12+00:00\",\"breadcrumb\":{\"@id\":\"https:\/\/www.cicekhaliyikama.com.tr\/index.php\/neden-biz\/#breadcrumb\"},\"inLanguage\":\"tr\",\"potentialAction\":[{\"@type\":\"ReadAction\",\"target\":[\"https:\/\/www.cicekhaliyikama.com.tr\/index.php\/neden-biz\/\"]}]},{\"@type\":\"ImageObject\",\"inLanguage\":\"tr\",\"@id\":\"https:\/\/www.cicekhaliyikama.com.tr\/index.php\/neden-biz\/#primaryimage\",\"url\":\"https:\/\/www.cicekhaliyikama.com.tr\/wp-content\/uploads\/2025\/09\/pngtree-white-van-3d-rendering-illustration-png-image_11575664.png\",\"contentUrl\":\"https:\/\/www.cicekhaliyikama.com.tr\/wp-content\/uploads\/2025\/09\/pngtree-white-van-3d-rendering-illustration-png-image_11575664.png\",\"width\":640,\"height\":640},{\"@type\":\"BreadcrumbList\",\"@id\":\"https:\/\/www.cicekhaliyikama.com.tr\/index.php\/neden-biz\/#breadcrumb\",\"itemListElement\":[{\"@type\":\"ListItem\",\"position\":1,\"name\":\"Anasayfa\",\"item\":\"https:\/\/www.cicekhaliyikama.com.tr\/\"},{\"@type\":\"ListItem\",\"position\":2,\"name\":\"Neden Biz?\"}]},{\"@type\":\"WebSite\",\"@id\":\"https:\/\/www.cicekhaliyikama.com.tr\/#website\",\"url\":\"https:\/\/www.cicekhaliyikama.com.tr\/\",\"name\":\"\u00c7\u0130\u00c7EK HALI YIKAMA\",\"description\":\"Hal\u0131lar\u0131n\u0131z\u0131 Bize Zaman\u0131n\u0131z\u0131 Sevdiklerinize Ay\u0131r\u0131n\",\"publisher\":{\"@id\":\"https:\/\/www.cicekhaliyikama.com.tr\/#organization\"},\"potentialAction\":[{\"@type\":\"SearchAction\",\"target\":{\"@type\":\"EntryPoint\",\"urlTemplate\":\"https:\/\/www.cicekhaliyikama.com.tr\/?s={search_term_string}\"},\"query-input\":{\"@type\":\"PropertyValueSpecification\",\"valueRequired\":true,\"valueName\":\"search_term_string\"}}],\"inLanguage\":\"tr\"},{\"@type\":\"Organization\",\"@id\":\"https:\/\/www.cicekhaliyikama.com.tr\/#organization\",\"name\":\"\u00c7\u0130\u00c7EK HALI YIKAMA\",\"url\":\"https:\/\/www.cicekhaliyikama.com.tr\/\",\"logo\":{\"@type\":\"ImageObject\",\"inLanguage\":\"tr\",\"@id\":\"https:\/\/www.cicekhaliyikama.com.tr\/#\/schema\/logo\/image\/\",\"url\":\"https:\/\/www.cicekhaliyikama.com.tr\/wp-content\/uploads\/2025\/09\/cropped-Adsiz-tasarim-e1757771733180.png\",\"contentUrl\":\"https:\/\/www.cicekhaliyikama.com.tr\/wp-content\/uploads\/2025\/09\/cropped-Adsiz-tasarim-e1757771733180.png\",\"width\":156,\"height\":87,\"caption\":\"\u00c7\u0130\u00c7EK HALI YIKAMA\"},\"image\":{\"@id\":\"https:\/\/www.cicekhaliyikama.com.tr\/#\/schema\/logo\/image\/\"}}]}<\/script>\n<!-- \/ Yoast SEO plugin. -->","yoast_head_json":{"title":"Neden Biz? - \u00c7\u0130\u00c7EK HALI YIKAMA","robots":{"index":"index","follow":"follow","max-snippet":"max-snippet:-1","max-image-preview":"max-image-preview:large","max-video-preview":"max-video-preview:-1"},"canonical":"https:\/\/www.cicekhaliyikama.com.tr\/index.php\/neden-biz\/","og_locale":"tr_TR","og_type":"article","og_title":"Neden Biz? - \u00c7\u0130\u00c7EK HALI YIKAMA","og_description":"Neden Biz? \u00dccretsiz Servis Kayap\u0131nar, Yeni\u015fehir ve Ba\u011flar b\u00f6lgelerine evden al\u0131m ve adrese teslim hizmetimiz \u00dccretsiz Servis \u0130mkan\u0131 ile yap\u0131lmaktad\u0131r. [&hellip;]","og_url":"https:\/\/www.cicekhaliyikama.com.tr\/index.php\/neden-biz\/","og_site_name":"\u00c7\u0130\u00c7EK HALI YIKAMA","article_modified_time":"2025-09-20T10:32:12+00:00","og_image":[{"width":640,"height":640,"url":"https:\/\/www.cicekhaliyikama.com.tr\/wp-content\/uploads\/2025\/09\/pngtree-white-van-3d-rendering-illustration-png-image_11575664.png","type":"image\/png"}],"twitter_card":"summary_large_image","twitter_misc":{"Tahmini okuma s\u00fcresi":"1 dakika"},"schema":{"@context":"https:\/\/schema.org","@graph":[{"@type":"WebPage","@id":"https:\/\/www.cicekhaliyikama.com.tr\/index.php\/neden-biz\/","url":"https:\/\/www.cicekhaliyikama.com.tr\/index.php\/neden-biz\/","name":"Neden Biz? - \u00c7\u0130\u00c7EK HALI YIKAMA","isPartOf":{"@id":"https:\/\/www.cicekhaliyikama.com.tr\/#website"},"primaryImageOfPage":{"@id":"https:\/\/www.cicekhaliyikama.com.tr\/index.php\/neden-biz\/#primaryimage"},"image":{"@id":"https:\/\/www.cicekhaliyikama.com.tr\/index.php\/neden-biz\/#primaryimage"},"thumbnailUrl":"https:\/\/www.cicekhaliyikama.com.tr\/wp-content\/uploads\/2025\/09\/pngtree-white-van-3d-rendering-illustration-png-image_11575664.png","datePublished":"2025-09-20T09:56:00+00:00","dateModified":"2025-09-20T10:32:12+00:00","breadcrumb":{"@id":"https:\/\/www.cicekhaliyikama.com.tr\/index.php\/neden-biz\/#breadcrumb"},"inLanguage":"tr","potentialAction":[{"@type":"ReadAction","target":["https:\/\/www.cicekhaliyikama.com.tr\/index.php\/neden-biz\/"]}]},{"@type":"ImageObject","inLanguage":"tr","@id":"https:\/\/www.cicekhaliyikama.com.tr\/index.php\/neden-biz\/#primaryimage","url":"https:\/\/www.cicekhaliyikama.com.tr\/wp-content\/uploads\/2025\/09\/pngtree-white-van-3d-rendering-illustration-png-image_11575664.png","contentUrl":"https:\/\/www.cicekhaliyikama.com.tr\/wp-content\/uploads\/2025\/09\/pngtree-white-van-3d-rendering-illustration-png-image_11575664.png","width":640,"height":640},{"@type":"BreadcrumbList","@id":"https:\/\/www.cicekhaliyikama.com.tr\/index.php\/neden-biz\/#breadcrumb","itemListElement":[{"@type":"ListItem","position":1,"name":"Anasayfa","item":"https:\/\/www.cicekhaliyikama.com.tr\/"},{"@type":"ListItem","position":2,"name":"Neden Biz?"}]},{"@type":"WebSite","@id":"https:\/\/www.cicekhaliyikama.com.tr\/#website","url":"https:\/\/www.cicekhaliyikama.com.tr\/","name":"\u00c7\u0130\u00c7EK HALI YIKAMA","description":"Hal\u0131lar\u0131n\u0131z\u0131 Bize Zaman\u0131n\u0131z\u0131 Sevdiklerinize Ay\u0131r\u0131n","publisher":{"@id":"https:\/\/www.cicekhaliyikama.com.tr\/#organization"},"potentialAction":[{"@type":"SearchAction","target":{"@type":"EntryPoint","urlTemplate":"https:\/\/www.cicekhaliyikama.com.tr\/?s={search_term_string}"},"query-input":{"@type":"PropertyValueSpecification","valueRequired":true,"valueName":"search_term_string"}}],"inLanguage":"tr"},{"@type":"Organization","@id":"https:\/\/www.cicekhaliyikama.com.tr\/#organization","name":"\u00c7\u0130\u00c7EK HALI YIKAMA","url":"https:\/\/www.cicekhaliyikama.com.tr\/","logo":{"@type":"ImageObject","inLanguage":"tr","@id":"https:\/\/www.cicekhaliyikama.com.tr\/#\/schema\/logo\/image\/","url":"https:\/\/www.cicekhaliyikama.com.tr\/wp-content\/uploads\/2025\/09\/cropped-Adsiz-tasarim-e1757771733180.png","contentUrl":"https:\/\/www.cicekhaliyikama.com.tr\/wp-content\/uploads\/2025\/09\/cropped-Adsiz-tasarim-e1757771733180.png","width":156,"height":87,"caption":"\u00c7\u0130\u00c7EK HALI YIKAMA"},"image":{"@id":"https:\/\/www.cicekhaliyikama.com.tr\/#\/schema\/logo\/image\/"}}]}},"_links":{"self":[{"href":"https:\/\/www.cicekhaliyikama.com.tr\/index.php\/wp-json\/wp\/v2\/pages\/309","targetHints":{"allow":["GET"]}}],"collection":[{"href":"https:\/\/www.cicekhaliyikama.com.tr\/index.php\/wp-json\/wp\/v2\/pages"}],"about":[{"href":"https:\/\/www.cicekhaliyikama.com.tr\/index.php\/wp-json\/wp\/v2\/types\/page"}],"author":[{"embeddable":true,"href":"https:\/\/www.cicekhaliyikama.com.tr\/index.php\/wp-json\/wp\/v2\/users\/1"}],"replies":[{"embeddable":true,"href":"https:\/\/www.cicekhaliyikama.com.tr\/index.php\/wp-json\/wp\/v2\/comments?post=309"}],"version-history":[{"count":5,"href":"https:\/\/www.cicekhaliyikama.com.tr\/index.php\/wp-json\/wp\/v2\/pages\/309\/revisions"}],"predecessor-version":[{"id":337,"href":"https:\/\/www.cicekhaliyikama.com.tr\/index.php\/wp-json\/wp\/v2\/pages\/309\/revisions\/337"}],"wp:attachment":[{"href":"https:\/\/www.cicekhaliyikama.com.tr\/index.php\/wp-json\/wp\/v2\/media?parent=309"}],"curies":[{"name":"wp","href":"https:\/\/api.w.org\/{rel}","templated":true}]}}