{"id":322,"date":"2025-09-20T13:10:24","date_gmt":"2025-09-20T10:10:24","guid":{"rendered":"https:\/\/www.cicekhaliyikama.com.tr\/?page_id=322"},"modified":"2025-09-20T13:34:04","modified_gmt":"2025-09-20T10:34:04","slug":"hakkimizda","status":"publish","type":"page","link":"https:\/\/www.cicekhaliyikama.com.tr\/index.php\/hakkimizda\/","title":{"rendered":"Hakk\u0131m\u0131zda"},"content":{"rendered":"\n<h2 class=\"wp-block-heading has-text-align-center has-background\" style=\"background:linear-gradient(172deg,rgb(52,71,215) 0%,rgb(251,0,0) 50%,rgb(53,99,198) 100%)\">Hakk\u0131m\u0131zda<\/h2>\n\n\n\n<div class=\"wp-block-columns has-background is-layout-flex wp-container-core-columns-is-layout-28f84493 wp-block-columns-is-layout-flex\" style=\"background:linear-gradient(165deg,rgb(70,106,233) 0%,rgb(254,45,45) 50%,rgb(82,88,213) 99%)\">\n<div class=\"wp-block-column is-layout-flow wp-block-column-is-layout-flow\">\n<figure class=\"wp-block-image size-full\"><img loading=\"lazy\" decoding=\"async\" width=\"1024\" height=\"465\" src=\"https:\/\/www.cicekhaliyikama.com.tr\/wp-content\/uploads\/2025\/09\/Ads_z-tasar_m-1.png\" alt=\"\" class=\"wp-image-133\" srcset=\"https:\/\/www.cicekhaliyikama.com.tr\/wp-content\/uploads\/2025\/09\/Ads_z-tasar_m-1.png 1024w, https:\/\/www.cicekhaliyikama.com.tr\/wp-content\/uploads\/2025\/09\/Ads_z-tasar_m-1-300x136.png 300w, https:\/\/www.cicekhaliyikama.com.tr\/wp-content\/uploads\/2025\/09\/Ads_z-tasar_m-1-768x349.png 768w\" sizes=\"auto, (max-width: 1024px) 100vw, 1024px\" \/><\/figure>\n<\/div>\n\n\n\n<div class=\"wp-block-column is-layout-flow wp-block-column-is-layout-flow\">\n<p>Diyarbak\u0131r\u2019\u0131n En H\u0131zl\u0131 ve G\u00fcvenilir Hal\u0131 Y\u0131kama Fabrikas\u0131y\u0131z. %100 Leke ve Temizlik i\u015flemleri yaparak M\u00fc\u015fteri Memnuniyetini her zaman en \u00fcst seviyede tutmaktay\u0131z.<\/p>\n\n\n\n<p>-\u00dccretsiz Servis \u0130mkan\u0131 Sunuyoruz.<br>-Hijyenik ve Antibakteriyel Etkili Y\u0131kama Y\u00f6ntemleri Kullan\u0131yoruz.<br>-Profesyonel Ekibimizle En H\u0131zl\u0131 Teslimat\u0131 ger\u00e7ekle\u015ftiriyoruz.<br><strong>En \u00d6zel Makinalar\u0131m\u0131zla sizlere en iyi hizmeti sunmak i\u00e7in \u00e7al\u0131\u015f\u0131yoru<\/strong>z.<\/p>\n<\/div>\n<\/div>\n","protected":false},"excerpt":{"rendered":"<p>Hakk\u0131m\u0131zda Diyarbak\u0131r\u2019\u0131n En H\u0131zl\u0131 ve G\u00fcvenilir Hal\u0131 Y\u0131kama Fabrikas\u0131y\u0131z. %100 Leke ve Temizlik i\u015flemleri yaparak M\u00fc\u015fteri Memnuniyetini her zaman en [&hellip;]<\/p>\n","protected":false},"author":1,"featured_media":0,"parent":0,"menu_order":0,"comment_status":"closed","ping_status":"closed","template":"","meta":{"site-sidebar-layout":"default","site-content-layout":"","ast-site-content-layout":"default","site-content-style":"default","site-sidebar-style":"default","ast-global-header-display":"","ast-banner-title-visibility":"","ast-main-header-display":"","ast-hfb-above-header-display":"","ast-hfb-below-header-display":"","ast-hfb-mobile-header-display":"","site-post-title":"disabled","ast-breadcrumbs-content":"","ast-featured-img":"","footer-sml-layout":"","theme-transparent-header-meta":"","adv-header-id-meta":"","stick-header-meta":"","header-above-stick-meta":"","header-main-stick-meta":"","header-below-stick-meta":"","astra-migrate-meta-layouts":"default","ast-page-background-enabled":"default","ast-page-background-meta":{"desktop":{"background-color":"var(--ast-global-color-5)","background-image":"","background-repeat":"repeat","background-position":"center center","background-size":"auto","background-attachment":"scroll","background-type":"","background-media":"","overlay-type":"","overlay-color":"","overlay-opacity":"","overlay-gradient":""},"tablet":{"background-color":"","background-image":"","background-repeat":"repeat","background-position":"center center","background-size":"auto","background-attachment":"scroll","background-type":"","background-media":"","overlay-type":"","overlay-color":"","overlay-opacity":"","overlay-gradient":""},"mobile":{"background-color":"","background-image":"","background-repeat":"repeat","background-position":"center center","background-size":"auto","background-attachment":"scroll","background-type":"","background-media":"","overlay-type":"","overlay-color":"","overlay-opacity":"","overlay-gradient":""}},"ast-content-background-meta":{"desktop":{"background-color":"var(--ast-global-color-4)","background-image":"","background-repeat":"repeat","background-position":"center center","background-size":"auto","background-attachment":"scroll","background-type":"","background-media":"","overlay-type":"","overlay-color":"","overlay-opacity":"","overlay-gradient":""},"tablet":{"background-color":"var(--ast-global-color-4)","background-image":"","background-repeat":"repeat","background-position":"center center","background-size":"auto","background-attachment":"scroll","background-type":"","background-media":"","overlay-type":"","overlay-color":"","overlay-opacity":"","overlay-gradient":""},"mobile":{"background-color":"var(--ast-global-color-4)","background-image":"","background-repeat":"repeat","background-position":"center center","background-size":"auto","background-attachment":"scroll","background-type":"","background-media":"","overlay-type":"","overlay-color":"","overlay-opacity":"","overlay-gradient":""}},"footnotes":""},"class_list":["post-322","page","type-page","status-publish","hentry"],"yoast_head":"<!-- This site is optimized with the Yoast SEO plugin v25.9 - https:\/\/yoast.com\/wordpress\/plugins\/seo\/ -->\n<title>Hakk\u0131m\u0131zda - \u00c7\u0130\u00c7EK HALI YIKAMA<\/title>\n<meta name=\"robots\" content=\"index, follow, max-snippet:-1, max-image-preview:large, max-video-preview:-1\" \/>\n<link rel=\"canonical\" href=\"https:\/\/www.cicekhaliyikama.com.tr\/index.php\/hakkimizda\/\" \/>\n<meta property=\"og:locale\" content=\"tr_TR\" \/>\n<meta property=\"og:type\" content=\"article\" \/>\n<meta property=\"og:title\" content=\"Hakk\u0131m\u0131zda - \u00c7\u0130\u00c7EK HALI YIKAMA\" \/>\n<meta property=\"og:description\" content=\"Hakk\u0131m\u0131zda Diyarbak\u0131r\u2019\u0131n En H\u0131zl\u0131 ve G\u00fcvenilir Hal\u0131 Y\u0131kama Fabrikas\u0131y\u0131z. %100 Leke ve Temizlik i\u015flemleri yaparak M\u00fc\u015fteri Memnuniyetini her zaman en [&hellip;]\" \/>\n<meta property=\"og:url\" content=\"https:\/\/www.cicekhaliyikama.com.tr\/index.php\/hakkimizda\/\" \/>\n<meta property=\"og:site_name\" content=\"\u00c7\u0130\u00c7EK HALI YIKAMA\" \/>\n<meta property=\"article:modified_time\" content=\"2025-09-20T10:34:04+00:00\" \/>\n<meta property=\"og:image\" content=\"https:\/\/www.cicekhaliyikama.com.tr\/wp-content\/uploads\/2025\/09\/Ads_z-tasar_m-1.png\" \/>\n\t<meta property=\"og:image:width\" content=\"1024\" \/>\n\t<meta property=\"og:image:height\" content=\"465\" \/>\n\t<meta property=\"og:image:type\" content=\"image\/png\" \/>\n<meta name=\"twitter:card\" content=\"summary_large_image\" \/>\n<meta name=\"twitter:label1\" content=\"Tahmini okuma s\u00fcresi\" \/>\n\t<meta name=\"twitter:data1\" content=\"1 dakika\" \/>\n<script type=\"application\/ld+json\" class=\"yoast-schema-graph\">{\"@context\":\"https:\/\/schema.org\",\"@graph\":[{\"@type\":\"WebPage\",\"@id\":\"https:\/\/www.cicekhaliyikama.com.tr\/index.php\/hakkimizda\/\",\"url\":\"https:\/\/www.cicekhaliyikama.com.tr\/index.php\/hakkimizda\/\",\"name\":\"Hakk\u0131m\u0131zda - \u00c7\u0130\u00c7EK HALI YIKAMA\",\"isPartOf\":{\"@id\":\"https:\/\/www.cicekhaliyikama.com.tr\/#website\"},\"primaryImageOfPage\":{\"@id\":\"https:\/\/www.cicekhaliyikama.com.tr\/index.php\/hakkimizda\/#primaryimage\"},\"image\":{\"@id\":\"https:\/\/www.cicekhaliyikama.com.tr\/index.php\/hakkimizda\/#primaryimage\"},\"thumbnailUrl\":\"https:\/\/www.cicekhaliyikama.com.tr\/wp-content\/uploads\/2025\/09\/Ads_z-tasar_m-1.png\",\"datePublished\":\"2025-09-20T10:10:24+00:00\",\"dateModified\":\"2025-09-20T10:34:04+00:00\",\"breadcrumb\":{\"@id\":\"https:\/\/www.cicekhaliyikama.com.tr\/index.php\/hakkimizda\/#breadcrumb\"},\"inLanguage\":\"tr\",\"potentialAction\":[{\"@type\":\"ReadAction\",\"target\":[\"https:\/\/www.cicekhaliyikama.com.tr\/index.php\/hakkimizda\/\"]}]},{\"@type\":\"ImageObject\",\"inLanguage\":\"tr\",\"@id\":\"https:\/\/www.cicekhaliyikama.com.tr\/index.php\/hakkimizda\/#primaryimage\",\"url\":\"https:\/\/www.cicekhaliyikama.com.tr\/wp-content\/uploads\/2025\/09\/Ads_z-tasar_m-1.png\",\"contentUrl\":\"https:\/\/www.cicekhaliyikama.com.tr\/wp-content\/uploads\/2025\/09\/Ads_z-tasar_m-1.png\",\"width\":1024,\"height\":465},{\"@type\":\"BreadcrumbList\",\"@id\":\"https:\/\/www.cicekhaliyikama.com.tr\/index.php\/hakkimizda\/#breadcrumb\",\"itemListElement\":[{\"@type\":\"ListItem\",\"position\":1,\"name\":\"Anasayfa\",\"item\":\"https:\/\/www.cicekhaliyikama.com.tr\/\"},{\"@type\":\"ListItem\",\"position\":2,\"name\":\"Hakk\u0131m\u0131zda\"}]},{\"@type\":\"WebSite\",\"@id\":\"https:\/\/www.cicekhaliyikama.com.tr\/#website\",\"url\":\"https:\/\/www.cicekhaliyikama.com.tr\/\",\"name\":\"\u00c7\u0130\u00c7EK HALI YIKAMA\",\"description\":\"Hal\u0131lar\u0131n\u0131z\u0131 Bize Zaman\u0131n\u0131z\u0131 Sevdiklerinize Ay\u0131r\u0131n\",\"publisher\":{\"@id\":\"https:\/\/www.cicekhaliyikama.com.tr\/#organization\"},\"potentialAction\":[{\"@type\":\"SearchAction\",\"target\":{\"@type\":\"EntryPoint\",\"urlTemplate\":\"https:\/\/www.cicekhaliyikama.com.tr\/?s={search_term_string}\"},\"query-input\":{\"@type\":\"PropertyValueSpecification\",\"valueRequired\":true,\"valueName\":\"search_term_string\"}}],\"inLanguage\":\"tr\"},{\"@type\":\"Organization\",\"@id\":\"https:\/\/www.cicekhaliyikama.com.tr\/#organization\",\"name\":\"\u00c7\u0130\u00c7EK HALI YIKAMA\",\"url\":\"https:\/\/www.cicekhaliyikama.com.tr\/\",\"logo\":{\"@type\":\"ImageObject\",\"inLanguage\":\"tr\",\"@id\":\"https:\/\/www.cicekhaliyikama.com.tr\/#\/schema\/logo\/image\/\",\"url\":\"https:\/\/www.cicekhaliyikama.com.tr\/wp-content\/uploads\/2025\/09\/cropped-Adsiz-tasarim-e1757771733180.png\",\"contentUrl\":\"https:\/\/www.cicekhaliyikama.com.tr\/wp-content\/uploads\/2025\/09\/cropped-Adsiz-tasarim-e1757771733180.png\",\"width\":156,\"height\":87,\"caption\":\"\u00c7\u0130\u00c7EK HALI YIKAMA\"},\"image\":{\"@id\":\"https:\/\/www.cicekhaliyikama.com.tr\/#\/schema\/logo\/image\/\"}}]}<\/script>\n<!-- \/ Yoast SEO plugin. -->","yoast_head_json":{"title":"Hakk\u0131m\u0131zda - \u00c7\u0130\u00c7EK HALI YIKAMA","robots":{"index":"index","follow":"follow","max-snippet":"max-snippet:-1","max-image-preview":"max-image-preview:large","max-video-preview":"max-video-preview:-1"},"canonical":"https:\/\/www.cicekhaliyikama.com.tr\/index.php\/hakkimizda\/","og_locale":"tr_TR","og_type":"article","og_title":"Hakk\u0131m\u0131zda - \u00c7\u0130\u00c7EK HALI YIKAMA","og_description":"Hakk\u0131m\u0131zda Diyarbak\u0131r\u2019\u0131n En H\u0131zl\u0131 ve G\u00fcvenilir Hal\u0131 Y\u0131kama Fabrikas\u0131y\u0131z. %100 Leke ve Temizlik i\u015flemleri yaparak M\u00fc\u015fteri Memnuniyetini her zaman en [&hellip;]","og_url":"https:\/\/www.cicekhaliyikama.com.tr\/index.php\/hakkimizda\/","og_site_name":"\u00c7\u0130\u00c7EK HALI YIKAMA","article_modified_time":"2025-09-20T10:34:04+00:00","og_image":[{"width":1024,"height":465,"url":"https:\/\/www.cicekhaliyikama.com.tr\/wp-content\/uploads\/2025\/09\/Ads_z-tasar_m-1.png","type":"image\/png"}],"twitter_card":"summary_large_image","twitter_misc":{"Tahmini okuma s\u00fcresi":"1 dakika"},"schema":{"@context":"https:\/\/schema.org","@graph":[{"@type":"WebPage","@id":"https:\/\/www.cicekhaliyikama.com.tr\/index.php\/hakkimizda\/","url":"https:\/\/www.cicekhaliyikama.com.tr\/index.php\/hakkimizda\/","name":"Hakk\u0131m\u0131zda - \u00c7\u0130\u00c7EK HALI YIKAMA","isPartOf":{"@id":"https:\/\/www.cicekhaliyikama.com.tr\/#website"},"primaryImageOfPage":{"@id":"https:\/\/www.cicekhaliyikama.com.tr\/index.php\/hakkimizda\/#primaryimage"},"image":{"@id":"https:\/\/www.cicekhaliyikama.com.tr\/index.php\/hakkimizda\/#primaryimage"},"thumbnailUrl":"https:\/\/www.cicekhaliyikama.com.tr\/wp-content\/uploads\/2025\/09\/Ads_z-tasar_m-1.png","datePublished":"2025-09-20T10:10:24+00:00","dateModified":"2025-09-20T10:34:04+00:00","breadcrumb":{"@id":"https:\/\/www.cicekhaliyikama.com.tr\/index.php\/hakkimizda\/#breadcrumb"},"inLanguage":"tr","potentialAction":[{"@type":"ReadAction","target":["https:\/\/www.cicekhaliyikama.com.tr\/index.php\/hakkimizda\/"]}]},{"@type":"ImageObject","inLanguage":"tr","@id":"https:\/\/www.cicekhaliyikama.com.tr\/index.php\/hakkimizda\/#primaryimage","url":"https:\/\/www.cicekhaliyikama.com.tr\/wp-content\/uploads\/2025\/09\/Ads_z-tasar_m-1.png","contentUrl":"https:\/\/www.cicekhaliyikama.com.tr\/wp-content\/uploads\/2025\/09\/Ads_z-tasar_m-1.png","width":1024,"height":465},{"@type":"BreadcrumbList","@id":"https:\/\/www.cicekhaliyikama.com.tr\/index.php\/hakkimizda\/#breadcrumb","itemListElement":[{"@type":"ListItem","position":1,"name":"Anasayfa","item":"https:\/\/www.cicekhaliyikama.com.tr\/"},{"@type":"ListItem","position":2,"name":"Hakk\u0131m\u0131zda"}]},{"@type":"WebSite","@id":"https:\/\/www.cicekhaliyikama.com.tr\/#website","url":"https:\/\/www.cicekhaliyikama.com.tr\/","name":"\u00c7\u0130\u00c7EK HALI YIKAMA","description":"Hal\u0131lar\u0131n\u0131z\u0131 Bize Zaman\u0131n\u0131z\u0131 Sevdiklerinize Ay\u0131r\u0131n","publisher":{"@id":"https:\/\/www.cicekhaliyikama.com.tr\/#organization"},"potentialAction":[{"@type":"SearchAction","target":{"@type":"EntryPoint","urlTemplate":"https:\/\/www.cicekhaliyikama.com.tr\/?s={search_term_string}"},"query-input":{"@type":"PropertyValueSpecification","valueRequired":true,"valueName":"search_term_string"}}],"inLanguage":"tr"},{"@type":"Organization","@id":"https:\/\/www.cicekhaliyikama.com.tr\/#organization","name":"\u00c7\u0130\u00c7EK HALI YIKAMA","url":"https:\/\/www.cicekhaliyikama.com.tr\/","logo":{"@type":"ImageObject","inLanguage":"tr","@id":"https:\/\/www.cicekhaliyikama.com.tr\/#\/schema\/logo\/image\/","url":"https:\/\/www.cicekhaliyikama.com.tr\/wp-content\/uploads\/2025\/09\/cropped-Adsiz-tasarim-e1757771733180.png","contentUrl":"https:\/\/www.cicekhaliyikama.com.tr\/wp-content\/uploads\/2025\/09\/cropped-Adsiz-tasarim-e1757771733180.png","width":156,"height":87,"caption":"\u00c7\u0130\u00c7EK HALI YIKAMA"},"image":{"@id":"https:\/\/www.cicekhaliyikama.com.tr\/#\/schema\/logo\/image\/"}}]}},"_links":{"self":[{"href":"https:\/\/www.cicekhaliyikama.com.tr\/index.php\/wp-json\/wp\/v2\/pages\/322","targetHints":{"allow":["GET"]}}],"collection":[{"href":"https:\/\/www.cicekhaliyikama.com.tr\/index.php\/wp-json\/wp\/v2\/pages"}],"about":[{"href":"https:\/\/www.cicekhaliyikama.com.tr\/index.php\/wp-json\/wp\/v2\/types\/page"}],"author":[{"embeddable":true,"href":"https:\/\/www.cicekhaliyikama.com.tr\/index.php\/wp-json\/wp\/v2\/users\/1"}],"replies":[{"embeddable":true,"href":"https:\/\/www.cicekhaliyikama.com.tr\/index.php\/wp-json\/wp\/v2\/comments?post=322"}],"version-history":[{"count":3,"href":"https:\/\/www.cicekhaliyikama.com.tr\/index.php\/wp-json\/wp\/v2\/pages\/322\/revisions"}],"predecessor-version":[{"id":339,"href":"https:\/\/www.cicekhaliyikama.com.tr\/index.php\/wp-json\/wp\/v2\/pages\/322\/revisions\/339"}],"wp:attachment":[{"href":"https:\/\/www.cicekhaliyikama.com.tr\/index.php\/wp-json\/wp\/v2\/media?parent=322"}],"curies":[{"name":"wp","href":"https:\/\/api.w.org\/{rel}","templated":true}]}}