{"id":324,"date":"2025-09-20T13:15:32","date_gmt":"2025-09-20T10:15:32","guid":{"rendered":"https:\/\/www.cicekhaliyikama.com.tr\/?page_id=324"},"modified":"2025-09-20T13:37:55","modified_gmt":"2025-09-20T10:37:55","slug":"iletisim","status":"publish","type":"page","link":"https:\/\/www.cicekhaliyikama.com.tr\/index.php\/iletisim\/","title":{"rendered":"\u0130leti\u015fim"},"content":{"rendered":"\n<h2 class=\"wp-block-heading has-text-align-center has-background\" style=\"background:linear-gradient(135deg,rgb(78,91,233) 0%,rgb(254,45,45) 50%,rgb(72,74,216) 100%)\">\u0130leti\u015fime Ge\u00e7in<\/h2>\n\n\n\n<div class=\"wp-block-columns has-background is-layout-flex wp-container-core-columns-is-layout-28f84493 wp-block-columns-is-layout-flex\" style=\"background:linear-gradient(154deg,rgb(79,106,204) 0%,rgb(254,45,45) 50%,rgb(58,66,217) 97%)\">\n<div class=\"wp-block-column is-layout-flow wp-block-column-is-layout-flow\">\n<figure class=\"wp-block-image aligncenter size-full is-resized\"><img loading=\"lazy\" decoding=\"async\" width=\"612\" height=\"612\" src=\"https:\/\/www.cicekhaliyikama.com.tr\/wp-content\/uploads\/2025\/09\/istockphoto-1135275961-612x612-1.jpg\" alt=\"\" class=\"wp-image-255\" style=\"width:360px\" srcset=\"https:\/\/www.cicekhaliyikama.com.tr\/wp-content\/uploads\/2025\/09\/istockphoto-1135275961-612x612-1.jpg 612w, https:\/\/www.cicekhaliyikama.com.tr\/wp-content\/uploads\/2025\/09\/istockphoto-1135275961-612x612-1-300x300.jpg 300w, https:\/\/www.cicekhaliyikama.com.tr\/wp-content\/uploads\/2025\/09\/istockphoto-1135275961-612x612-1-150x150.jpg 150w\" sizes=\"auto, (max-width: 612px) 100vw, 612px\" \/><\/figure>\n\n\n\n<h2 class=\"wp-block-heading has-text-align-center has-ast-global-color-0-color has-text-color has-link-color wp-elements-b51176162010d2197465e9bbbad2d78d\">Adres<\/h2>\n\n\n\n<h4 class=\"wp-block-heading has-text-align-center has-ast-global-color-0-color has-text-color has-link-color wp-elements-3f992ff6cf5df1e3738eaa279723c26c\">Silvan Yolu D\u00f6n\u00fcml\u00fc Mah , Eski \u00c7ukubirlik, No :5, 21070 Yeni\u015fehir\/Diyarbak\u0131r<br><\/h4>\n<\/div>\n\n\n\n<div class=\"wp-block-column is-layout-flow wp-block-column-is-layout-flow\">\n<figure class=\"wp-block-image aligncenter size-full is-resized\"><img loading=\"lazy\" decoding=\"async\" width=\"612\" height=\"612\" src=\"https:\/\/www.cicekhaliyikama.com.tr\/wp-content\/uploads\/2025\/09\/istockphoto-1130588880-612x612-1.jpg\" alt=\"\" class=\"wp-image-256\" style=\"width:360px;height:auto\" srcset=\"https:\/\/www.cicekhaliyikama.com.tr\/wp-content\/uploads\/2025\/09\/istockphoto-1130588880-612x612-1.jpg 612w, https:\/\/www.cicekhaliyikama.com.tr\/wp-content\/uploads\/2025\/09\/istockphoto-1130588880-612x612-1-300x300.jpg 300w, https:\/\/www.cicekhaliyikama.com.tr\/wp-content\/uploads\/2025\/09\/istockphoto-1130588880-612x612-1-150x150.jpg 150w\" sizes=\"auto, (max-width: 612px) 100vw, 612px\" \/><\/figure>\n\n\n\n<h2 class=\"wp-block-heading has-text-align-center has-ast-global-color-0-color has-text-color has-link-color wp-elements-bcd1513a48cdce52973b148779ef4d35\">Telefon<\/h2>\n\n\n\n<h4 class=\"wp-block-heading has-text-align-center has-ast-global-color-0-color has-text-color has-link-color wp-elements-775e9c54536f6d4ccaf2b6a7c85a0174\">0532 340 9248<\/h4>\n\n\n\n<h4 class=\"wp-block-heading has-text-align-center has-ast-global-color-0-color has-text-color has-link-color wp-elements-04f8120a0da816d2076f3298d914e8a8\">0538 706 8488<br><br><br><\/h4>\n<\/div>\n<\/div>\n","protected":false},"excerpt":{"rendered":"<p>\u0130leti\u015fime Ge\u00e7in Adres Silvan Yolu D\u00f6n\u00fcml\u00fc Mah , Eski \u00c7ukubirlik, No :5, 21070 Yeni\u015fehir\/Diyarbak\u0131r Telefon 0532 340 9248 0538 706 [&hellip;]<\/p>\n","protected":false},"author":1,"featured_media":0,"parent":0,"menu_order":0,"comment_status":"closed","ping_status":"closed","template":"","meta":{"site-sidebar-layout":"default","site-content-layout":"","ast-site-content-layout":"default","site-content-style":"default","site-sidebar-style":"default","ast-global-header-display":"","ast-banner-title-visibility":"","ast-main-header-display":"","ast-hfb-above-header-display":"","ast-hfb-below-header-display":"","ast-hfb-mobile-header-display":"","site-post-title":"disabled","ast-breadcrumbs-content":"","ast-featured-img":"","footer-sml-layout":"","theme-transparent-header-meta":"","adv-header-id-meta":"","stick-header-meta":"","header-above-stick-meta":"","header-main-stick-meta":"","header-below-stick-meta":"","astra-migrate-meta-layouts":"default","ast-page-background-enabled":"default","ast-page-background-meta":{"desktop":{"background-color":"var(--ast-global-color-5)","background-image":"","background-repeat":"repeat","background-position":"center center","background-size":"auto","background-attachment":"scroll","background-type":"","background-media":"","overlay-type":"","overlay-color":"","overlay-opacity":"","overlay-gradient":""},"tablet":{"background-color":"","background-image":"","background-repeat":"repeat","background-position":"center center","background-size":"auto","background-attachment":"scroll","background-type":"","background-media":"","overlay-type":"","overlay-color":"","overlay-opacity":"","overlay-gradient":""},"mobile":{"background-color":"","background-image":"","background-repeat":"repeat","background-position":"center center","background-size":"auto","background-attachment":"scroll","background-type":"","background-media":"","overlay-type":"","overlay-color":"","overlay-opacity":"","overlay-gradient":""}},"ast-content-background-meta":{"desktop":{"background-color":"var(--ast-global-color-4)","background-image":"","background-repeat":"repeat","background-position":"center center","background-size":"auto","background-attachment":"scroll","background-type":"","background-media":"","overlay-type":"","overlay-color":"","overlay-opacity":"","overlay-gradient":""},"tablet":{"background-color":"var(--ast-global-color-4)","background-image":"","background-repeat":"repeat","background-position":"center center","background-size":"auto","background-attachment":"scroll","background-type":"","background-media":"","overlay-type":"","overlay-color":"","overlay-opacity":"","overlay-gradient":""},"mobile":{"background-color":"var(--ast-global-color-4)","background-image":"","background-repeat":"repeat","background-position":"center center","background-size":"auto","background-attachment":"scroll","background-type":"","background-media":"","overlay-type":"","overlay-color":"","overlay-opacity":"","overlay-gradient":""}},"footnotes":""},"class_list":["post-324","page","type-page","status-publish","hentry"],"yoast_head":"<!-- This site is optimized with the Yoast SEO plugin v25.9 - https:\/\/yoast.com\/wordpress\/plugins\/seo\/ -->\n<title>\u0130leti\u015fim - \u00c7\u0130\u00c7EK HALI YIKAMA<\/title>\n<meta name=\"robots\" content=\"index, follow, max-snippet:-1, max-image-preview:large, max-video-preview:-1\" \/>\n<link rel=\"canonical\" href=\"https:\/\/www.cicekhaliyikama.com.tr\/index.php\/iletisim\/\" \/>\n<meta property=\"og:locale\" content=\"tr_TR\" \/>\n<meta property=\"og:type\" content=\"article\" \/>\n<meta property=\"og:title\" content=\"\u0130leti\u015fim - \u00c7\u0130\u00c7EK HALI YIKAMA\" \/>\n<meta property=\"og:description\" content=\"\u0130leti\u015fime Ge\u00e7in Adres Silvan Yolu D\u00f6n\u00fcml\u00fc Mah , Eski \u00c7ukubirlik, No :5, 21070 Yeni\u015fehir\/Diyarbak\u0131r Telefon 0532 340 9248 0538 706 [&hellip;]\" \/>\n<meta property=\"og:url\" content=\"https:\/\/www.cicekhaliyikama.com.tr\/index.php\/iletisim\/\" \/>\n<meta property=\"og:site_name\" content=\"\u00c7\u0130\u00c7EK HALI YIKAMA\" \/>\n<meta property=\"article:modified_time\" content=\"2025-09-20T10:37:55+00:00\" \/>\n<meta property=\"og:image\" content=\"https:\/\/www.cicekhaliyikama.com.tr\/wp-content\/uploads\/2025\/09\/istockphoto-1135275961-612x612-1.jpg\" \/>\n\t<meta property=\"og:image:width\" content=\"612\" \/>\n\t<meta property=\"og:image:height\" content=\"612\" \/>\n\t<meta property=\"og:image:type\" content=\"image\/jpeg\" \/>\n<meta name=\"twitter:card\" content=\"summary_large_image\" \/>\n<meta name=\"twitter:label1\" content=\"Tahmini okuma s\u00fcresi\" \/>\n\t<meta name=\"twitter:data1\" content=\"1 dakika\" \/>\n<script type=\"application\/ld+json\" class=\"yoast-schema-graph\">{\"@context\":\"https:\/\/schema.org\",\"@graph\":[{\"@type\":\"WebPage\",\"@id\":\"https:\/\/www.cicekhaliyikama.com.tr\/index.php\/iletisim\/\",\"url\":\"https:\/\/www.cicekhaliyikama.com.tr\/index.php\/iletisim\/\",\"name\":\"\u0130leti\u015fim - \u00c7\u0130\u00c7EK HALI YIKAMA\",\"isPartOf\":{\"@id\":\"https:\/\/www.cicekhaliyikama.com.tr\/#website\"},\"primaryImageOfPage\":{\"@id\":\"https:\/\/www.cicekhaliyikama.com.tr\/index.php\/iletisim\/#primaryimage\"},\"image\":{\"@id\":\"https:\/\/www.cicekhaliyikama.com.tr\/index.php\/iletisim\/#primaryimage\"},\"thumbnailUrl\":\"https:\/\/www.cicekhaliyikama.com.tr\/wp-content\/uploads\/2025\/09\/istockphoto-1135275961-612x612-1.jpg\",\"datePublished\":\"2025-09-20T10:15:32+00:00\",\"dateModified\":\"2025-09-20T10:37:55+00:00\",\"breadcrumb\":{\"@id\":\"https:\/\/www.cicekhaliyikama.com.tr\/index.php\/iletisim\/#breadcrumb\"},\"inLanguage\":\"tr\",\"potentialAction\":[{\"@type\":\"ReadAction\",\"target\":[\"https:\/\/www.cicekhaliyikama.com.tr\/index.php\/iletisim\/\"]}]},{\"@type\":\"ImageObject\",\"inLanguage\":\"tr\",\"@id\":\"https:\/\/www.cicekhaliyikama.com.tr\/index.php\/iletisim\/#primaryimage\",\"url\":\"https:\/\/www.cicekhaliyikama.com.tr\/wp-content\/uploads\/2025\/09\/istockphoto-1135275961-612x612-1.jpg\",\"contentUrl\":\"https:\/\/www.cicekhaliyikama.com.tr\/wp-content\/uploads\/2025\/09\/istockphoto-1135275961-612x612-1.jpg\",\"width\":612,\"height\":612},{\"@type\":\"BreadcrumbList\",\"@id\":\"https:\/\/www.cicekhaliyikama.com.tr\/index.php\/iletisim\/#breadcrumb\",\"itemListElement\":[{\"@type\":\"ListItem\",\"position\":1,\"name\":\"Anasayfa\",\"item\":\"https:\/\/www.cicekhaliyikama.com.tr\/\"},{\"@type\":\"ListItem\",\"position\":2,\"name\":\"\u0130leti\u015fim\"}]},{\"@type\":\"WebSite\",\"@id\":\"https:\/\/www.cicekhaliyikama.com.tr\/#website\",\"url\":\"https:\/\/www.cicekhaliyikama.com.tr\/\",\"name\":\"\u00c7\u0130\u00c7EK HALI YIKAMA\",\"description\":\"Hal\u0131lar\u0131n\u0131z\u0131 Bize Zaman\u0131n\u0131z\u0131 Sevdiklerinize Ay\u0131r\u0131n\",\"publisher\":{\"@id\":\"https:\/\/www.cicekhaliyikama.com.tr\/#organization\"},\"potentialAction\":[{\"@type\":\"SearchAction\",\"target\":{\"@type\":\"EntryPoint\",\"urlTemplate\":\"https:\/\/www.cicekhaliyikama.com.tr\/?s={search_term_string}\"},\"query-input\":{\"@type\":\"PropertyValueSpecification\",\"valueRequired\":true,\"valueName\":\"search_term_string\"}}],\"inLanguage\":\"tr\"},{\"@type\":\"Organization\",\"@id\":\"https:\/\/www.cicekhaliyikama.com.tr\/#organization\",\"name\":\"\u00c7\u0130\u00c7EK HALI YIKAMA\",\"url\":\"https:\/\/www.cicekhaliyikama.com.tr\/\",\"logo\":{\"@type\":\"ImageObject\",\"inLanguage\":\"tr\",\"@id\":\"https:\/\/www.cicekhaliyikama.com.tr\/#\/schema\/logo\/image\/\",\"url\":\"https:\/\/www.cicekhaliyikama.com.tr\/wp-content\/uploads\/2025\/09\/cropped-Adsiz-tasarim-e1757771733180.png\",\"contentUrl\":\"https:\/\/www.cicekhaliyikama.com.tr\/wp-content\/uploads\/2025\/09\/cropped-Adsiz-tasarim-e1757771733180.png\",\"width\":156,\"height\":87,\"caption\":\"\u00c7\u0130\u00c7EK HALI YIKAMA\"},\"image\":{\"@id\":\"https:\/\/www.cicekhaliyikama.com.tr\/#\/schema\/logo\/image\/\"}}]}<\/script>\n<!-- \/ Yoast SEO plugin. -->","yoast_head_json":{"title":"\u0130leti\u015fim - \u00c7\u0130\u00c7EK HALI YIKAMA","robots":{"index":"index","follow":"follow","max-snippet":"max-snippet:-1","max-image-preview":"max-image-preview:large","max-video-preview":"max-video-preview:-1"},"canonical":"https:\/\/www.cicekhaliyikama.com.tr\/index.php\/iletisim\/","og_locale":"tr_TR","og_type":"article","og_title":"\u0130leti\u015fim - \u00c7\u0130\u00c7EK HALI YIKAMA","og_description":"\u0130leti\u015fime Ge\u00e7in Adres Silvan Yolu D\u00f6n\u00fcml\u00fc Mah , Eski \u00c7ukubirlik, No :5, 21070 Yeni\u015fehir\/Diyarbak\u0131r Telefon 0532 340 9248 0538 706 [&hellip;]","og_url":"https:\/\/www.cicekhaliyikama.com.tr\/index.php\/iletisim\/","og_site_name":"\u00c7\u0130\u00c7EK HALI YIKAMA","article_modified_time":"2025-09-20T10:37:55+00:00","og_image":[{"width":612,"height":612,"url":"https:\/\/www.cicekhaliyikama.com.tr\/wp-content\/uploads\/2025\/09\/istockphoto-1135275961-612x612-1.jpg","type":"image\/jpeg"}],"twitter_card":"summary_large_image","twitter_misc":{"Tahmini okuma s\u00fcresi":"1 dakika"},"schema":{"@context":"https:\/\/schema.org","@graph":[{"@type":"WebPage","@id":"https:\/\/www.cicekhaliyikama.com.tr\/index.php\/iletisim\/","url":"https:\/\/www.cicekhaliyikama.com.tr\/index.php\/iletisim\/","name":"\u0130leti\u015fim - \u00c7\u0130\u00c7EK HALI YIKAMA","isPartOf":{"@id":"https:\/\/www.cicekhaliyikama.com.tr\/#website"},"primaryImageOfPage":{"@id":"https:\/\/www.cicekhaliyikama.com.tr\/index.php\/iletisim\/#primaryimage"},"image":{"@id":"https:\/\/www.cicekhaliyikama.com.tr\/index.php\/iletisim\/#primaryimage"},"thumbnailUrl":"https:\/\/www.cicekhaliyikama.com.tr\/wp-content\/uploads\/2025\/09\/istockphoto-1135275961-612x612-1.jpg","datePublished":"2025-09-20T10:15:32+00:00","dateModified":"2025-09-20T10:37:55+00:00","breadcrumb":{"@id":"https:\/\/www.cicekhaliyikama.com.tr\/index.php\/iletisim\/#breadcrumb"},"inLanguage":"tr","potentialAction":[{"@type":"ReadAction","target":["https:\/\/www.cicekhaliyikama.com.tr\/index.php\/iletisim\/"]}]},{"@type":"ImageObject","inLanguage":"tr","@id":"https:\/\/www.cicekhaliyikama.com.tr\/index.php\/iletisim\/#primaryimage","url":"https:\/\/www.cicekhaliyikama.com.tr\/wp-content\/uploads\/2025\/09\/istockphoto-1135275961-612x612-1.jpg","contentUrl":"https:\/\/www.cicekhaliyikama.com.tr\/wp-content\/uploads\/2025\/09\/istockphoto-1135275961-612x612-1.jpg","width":612,"height":612},{"@type":"BreadcrumbList","@id":"https:\/\/www.cicekhaliyikama.com.tr\/index.php\/iletisim\/#breadcrumb","itemListElement":[{"@type":"ListItem","position":1,"name":"Anasayfa","item":"https:\/\/www.cicekhaliyikama.com.tr\/"},{"@type":"ListItem","position":2,"name":"\u0130leti\u015fim"}]},{"@type":"WebSite","@id":"https:\/\/www.cicekhaliyikama.com.tr\/#website","url":"https:\/\/www.cicekhaliyikama.com.tr\/","name":"\u00c7\u0130\u00c7EK HALI YIKAMA","description":"Hal\u0131lar\u0131n\u0131z\u0131 Bize Zaman\u0131n\u0131z\u0131 Sevdiklerinize Ay\u0131r\u0131n","publisher":{"@id":"https:\/\/www.cicekhaliyikama.com.tr\/#organization"},"potentialAction":[{"@type":"SearchAction","target":{"@type":"EntryPoint","urlTemplate":"https:\/\/www.cicekhaliyikama.com.tr\/?s={search_term_string}"},"query-input":{"@type":"PropertyValueSpecification","valueRequired":true,"valueName":"search_term_string"}}],"inLanguage":"tr"},{"@type":"Organization","@id":"https:\/\/www.cicekhaliyikama.com.tr\/#organization","name":"\u00c7\u0130\u00c7EK HALI YIKAMA","url":"https:\/\/www.cicekhaliyikama.com.tr\/","logo":{"@type":"ImageObject","inLanguage":"tr","@id":"https:\/\/www.cicekhaliyikama.com.tr\/#\/schema\/logo\/image\/","url":"https:\/\/www.cicekhaliyikama.com.tr\/wp-content\/uploads\/2025\/09\/cropped-Adsiz-tasarim-e1757771733180.png","contentUrl":"https:\/\/www.cicekhaliyikama.com.tr\/wp-content\/uploads\/2025\/09\/cropped-Adsiz-tasarim-e1757771733180.png","width":156,"height":87,"caption":"\u00c7\u0130\u00c7EK HALI YIKAMA"},"image":{"@id":"https:\/\/www.cicekhaliyikama.com.tr\/#\/schema\/logo\/image\/"}}]}},"_links":{"self":[{"href":"https:\/\/www.cicekhaliyikama.com.tr\/index.php\/wp-json\/wp\/v2\/pages\/324","targetHints":{"allow":["GET"]}}],"collection":[{"href":"https:\/\/www.cicekhaliyikama.com.tr\/index.php\/wp-json\/wp\/v2\/pages"}],"about":[{"href":"https:\/\/www.cicekhaliyikama.com.tr\/index.php\/wp-json\/wp\/v2\/types\/page"}],"author":[{"embeddable":true,"href":"https:\/\/www.cicekhaliyikama.com.tr\/index.php\/wp-json\/wp\/v2\/users\/1"}],"replies":[{"embeddable":true,"href":"https:\/\/www.cicekhaliyikama.com.tr\/index.php\/wp-json\/wp\/v2\/comments?post=324"}],"version-history":[{"count":2,"href":"https:\/\/www.cicekhaliyikama.com.tr\/index.php\/wp-json\/wp\/v2\/pages\/324\/revisions"}],"predecessor-version":[{"id":342,"href":"https:\/\/www.cicekhaliyikama.com.tr\/index.php\/wp-json\/wp\/v2\/pages\/324\/revisions\/342"}],"wp:attachment":[{"href":"https:\/\/www.cicekhaliyikama.com.tr\/index.php\/wp-json\/wp\/v2\/media?parent=324"}],"curies":[{"name":"wp","href":"https:\/\/api.w.org\/{rel}","templated":true}]}}