{"id":331,"date":"2025-09-20T13:23:39","date_gmt":"2025-09-20T10:23:39","guid":{"rendered":"https:\/\/www.cicekhaliyikama.com.tr\/?page_id=331"},"modified":"2025-09-20T13:36:39","modified_gmt":"2025-09-20T10:36:39","slug":"hizmetlerimiz","status":"publish","type":"page","link":"https:\/\/www.cicekhaliyikama.com.tr\/index.php\/hizmetlerimiz\/","title":{"rendered":"Hizmetlerimiz"},"content":{"rendered":"\n<h2 class=\"wp-block-heading has-text-align-center has-background\" style=\"background:linear-gradient(176deg,rgb(77,132,233) 0%,rgb(250,0,0) 50%,rgb(74,112,210) 99%)\">Hizmetlerimiz<\/h2>\n\n\n\n<div class=\"wp-block-columns has-background is-layout-flex wp-container-core-columns-is-layout-28f84493 wp-block-columns-is-layout-flex\" style=\"background:linear-gradient(153deg,rgb(80,92,222) 0%,rgb(244,0,0) 50%,rgb(62,120,229) 98%)\">\n<div class=\"wp-block-column is-layout-flow wp-block-column-is-layout-flow\">\n<figure class=\"wp-block-image aligncenter size-large is-style-rounded\"><img loading=\"lazy\" decoding=\"async\" width=\"1024\" height=\"680\" src=\"https:\/\/www.cicekhaliyikama.com.tr\/wp-content\/uploads\/2025\/09\/mpfscx5fqz8-1024x680.jpg\" alt=\"\" class=\"wp-image-65\" srcset=\"https:\/\/www.cicekhaliyikama.com.tr\/wp-content\/uploads\/2025\/09\/mpfscx5fqz8-1024x680.jpg 1024w, https:\/\/www.cicekhaliyikama.com.tr\/wp-content\/uploads\/2025\/09\/mpfscx5fqz8-300x199.jpg 300w, https:\/\/www.cicekhaliyikama.com.tr\/wp-content\/uploads\/2025\/09\/mpfscx5fqz8-768x510.jpg 768w, https:\/\/www.cicekhaliyikama.com.tr\/wp-content\/uploads\/2025\/09\/mpfscx5fqz8-1536x1020.jpg 1536w, https:\/\/www.cicekhaliyikama.com.tr\/wp-content\/uploads\/2025\/09\/mpfscx5fqz8.jpg 1600w\" sizes=\"auto, (max-width: 1024px) 100vw, 1024px\" \/><\/figure>\n<\/div>\n\n\n\n<div class=\"wp-block-column is-vertically-aligned-center is-layout-flow wp-block-column-is-layout-flow\">\n<h3 class=\"wp-block-heading has-text-align-center\">Hal\u0131\/Kilim Y\u0131kama<br><\/h3>\n\n\n\n<p class=\"has-text-align-center\">Hal\u0131lar\u0131n\u0131z\u0131n her biri \u00f6zenle y\u0131kan\u0131r, kimyasal \u00fcr\u00fcn kullanmadan Hijyenik ve Tertemiz olur.<\/p>\n\n\n\n<div class=\"wp-block-buttons is-content-justification-center is-layout-flex wp-container-core-buttons-is-layout-a89b3969 wp-block-buttons-is-layout-flex\">\n<div class=\"wp-block-button has-custom-width wp-block-button__width-75\"><a class=\"wp-block-button__link has-ast-global-color-2-color has-ast-global-color-0-background-color has-text-color has-background has-link-color wp-element-button\" href=\"https:\/\/www.cicekhaliyikama.com.tr\/index.php\/hali-kilim-yikama\/\">\u0130NCELE<\/a><\/div>\n<\/div>\n<\/div>\n<\/div>\n\n\n\n<div class=\"wp-block-columns has-background is-layout-flex wp-container-core-columns-is-layout-28f84493 wp-block-columns-is-layout-flex\" style=\"background:linear-gradient(156deg,rgb(53,86,207) 0%,rgb(253,19,19) 50%,rgb(61,108,224) 100%)\">\n<div class=\"wp-block-column is-vertically-aligned-center is-layout-flow wp-block-column-is-layout-flow\">\n<h3 class=\"wp-block-heading has-text-align-center\">Yorgan\/Battaniye Y\u0131kama<br><\/h3>\n\n\n\n<p class=\"has-text-align-center\">Yorgan ve Battaniyeleriniz \u00d6zel Makinelerde hijyenik \u015fekilde y\u0131kan\u0131r ve son teknoloji ile h\u0131zl\u0131ca kurutulur.<\/p>\n\n\n\n<div class=\"wp-block-buttons is-content-justification-center is-layout-flex wp-container-core-buttons-is-layout-a89b3969 wp-block-buttons-is-layout-flex\">\n<div class=\"wp-block-button has-custom-width wp-block-button__width-75\"><a class=\"wp-block-button__link has-ast-global-color-2-color has-ast-global-color-0-background-color has-text-color has-background has-link-color wp-element-button\" href=\"https:\/\/www.cicekhaliyikama.com.tr\/index.php\/yorgan-battaniye-yikama\/\">\u0130NCELE<\/a><\/div>\n<\/div>\n<\/div>\n\n\n\n<div class=\"wp-block-column is-layout-flow wp-block-column-is-layout-flow\">\n<figure class=\"wp-block-image aligncenter size-large is-style-rounded\"><img loading=\"lazy\" decoding=\"async\" width=\"1024\" height=\"683\" src=\"https:\/\/www.cicekhaliyikama.com.tr\/wp-content\/uploads\/2025\/09\/zrqwzk9fm3q-1024x683.jpg\" alt=\"\" class=\"wp-image-74\" srcset=\"https:\/\/www.cicekhaliyikama.com.tr\/wp-content\/uploads\/2025\/09\/zrqwzk9fm3q-1024x683.jpg 1024w, https:\/\/www.cicekhaliyikama.com.tr\/wp-content\/uploads\/2025\/09\/zrqwzk9fm3q-300x200.jpg 300w, https:\/\/www.cicekhaliyikama.com.tr\/wp-content\/uploads\/2025\/09\/zrqwzk9fm3q-768x512.jpg 768w, https:\/\/www.cicekhaliyikama.com.tr\/wp-content\/uploads\/2025\/09\/zrqwzk9fm3q-1536x1024.jpg 1536w, https:\/\/www.cicekhaliyikama.com.tr\/wp-content\/uploads\/2025\/09\/zrqwzk9fm3q.jpg 1600w\" sizes=\"auto, (max-width: 1024px) 100vw, 1024px\" \/><\/figure>\n<\/div>\n<\/div>\n\n\n\n<div class=\"wp-block-columns has-background is-layout-flex wp-container-core-columns-is-layout-28f84493 wp-block-columns-is-layout-flex\" style=\"background:linear-gradient(162deg,rgb(166,185,255) 0%,rgb(253,13,13) 48%,rgb(55,70,237) 97%)\">\n<div class=\"wp-block-column is-layout-flow wp-block-column-is-layout-flow\">\n<figure class=\"wp-block-image aligncenter size-large is-style-rounded\"><img loading=\"lazy\" decoding=\"async\" width=\"1024\" height=\"683\" src=\"https:\/\/www.cicekhaliyikama.com.tr\/wp-content\/uploads\/2025\/09\/mcln5lpwevq-1024x683.jpg\" alt=\"green window blinds\" class=\"wp-image-81\" srcset=\"https:\/\/www.cicekhaliyikama.com.tr\/wp-content\/uploads\/2025\/09\/mcln5lpwevq-1024x683.jpg 1024w, https:\/\/www.cicekhaliyikama.com.tr\/wp-content\/uploads\/2025\/09\/mcln5lpwevq-300x200.jpg 300w, https:\/\/www.cicekhaliyikama.com.tr\/wp-content\/uploads\/2025\/09\/mcln5lpwevq-768x512.jpg 768w, https:\/\/www.cicekhaliyikama.com.tr\/wp-content\/uploads\/2025\/09\/mcln5lpwevq-1536x1024.jpg 1536w, https:\/\/www.cicekhaliyikama.com.tr\/wp-content\/uploads\/2025\/09\/mcln5lpwevq.jpg 1600w\" sizes=\"auto, (max-width: 1024px) 100vw, 1024px\" \/><\/figure>\n<\/div>\n\n\n\n<div class=\"wp-block-column is-vertically-aligned-center is-layout-flow wp-block-column-is-layout-flow\">\n<h3 class=\"wp-block-heading has-text-align-center\">Stor Perde Y\u0131kama<br><\/h3>\n\n\n\n<p class=\"has-text-align-center\">Perdeleriniz, yumu\u015fak f\u0131r\u00e7alar ve \u00d6zel Y\u00f6ntemlerle zarar g\u00f6rmeden temizlenir.<\/p>\n\n\n\n<div class=\"wp-block-buttons is-content-justification-center is-layout-flex wp-container-core-buttons-is-layout-a89b3969 wp-block-buttons-is-layout-flex\">\n<div class=\"wp-block-button has-custom-width wp-block-button__width-75\"><a class=\"wp-block-button__link has-ast-global-color-2-color has-ast-global-color-0-background-color has-text-color has-background has-link-color wp-element-button\" href=\"https:\/\/www.cicekhaliyikama.com.tr\/index.php\/stor-perde-yikama\/\">\u0130NCELE<\/a><\/div>\n<\/div>\n<\/div>\n<\/div>\n\n\n\n<p><\/p>\n","protected":false},"excerpt":{"rendered":"<p>Hizmetlerimiz Hal\u0131\/Kilim Y\u0131kama Hal\u0131lar\u0131n\u0131z\u0131n her biri \u00f6zenle y\u0131kan\u0131r, kimyasal \u00fcr\u00fcn kullanmadan Hijyenik ve Tertemiz olur. Yorgan\/Battaniye Y\u0131kama Yorgan ve Battaniyeleriniz [&hellip;]<\/p>\n","protected":false},"author":1,"featured_media":0,"parent":0,"menu_order":0,"comment_status":"closed","ping_status":"closed","template":"","meta":{"site-sidebar-layout":"default","site-content-layout":"","ast-site-content-layout":"default","site-content-style":"default","site-sidebar-style":"default","ast-global-header-display":"","ast-banner-title-visibility":"","ast-main-header-display":"","ast-hfb-above-header-display":"","ast-hfb-below-header-display":"","ast-hfb-mobile-header-display":"","site-post-title":"disabled","ast-breadcrumbs-content":"","ast-featured-img":"","footer-sml-layout":"","theme-transparent-header-meta":"","adv-header-id-meta":"","stick-header-meta":"","header-above-stick-meta":"","header-main-stick-meta":"","header-below-stick-meta":"","astra-migrate-meta-layouts":"default","ast-page-background-enabled":"default","ast-page-background-meta":{"desktop":{"background-color":"var(--ast-global-color-5)","background-image":"","background-repeat":"repeat","background-position":"center center","background-size":"auto","background-attachment":"scroll","background-type":"","background-media":"","overlay-type":"","overlay-color":"","overlay-opacity":"","overlay-gradient":""},"tablet":{"background-color":"","background-image":"","background-repeat":"repeat","background-position":"center center","background-size":"auto","background-attachment":"scroll","background-type":"","background-media":"","overlay-type":"","overlay-color":"","overlay-opacity":"","overlay-gradient":""},"mobile":{"background-color":"","background-image":"","background-repeat":"repeat","background-position":"center center","background-size":"auto","background-attachment":"scroll","background-type":"","background-media":"","overlay-type":"","overlay-color":"","overlay-opacity":"","overlay-gradient":""}},"ast-content-background-meta":{"desktop":{"background-color":"var(--ast-global-color-4)","background-image":"","background-repeat":"repeat","background-position":"center center","background-size":"auto","background-attachment":"scroll","background-type":"","background-media":"","overlay-type":"","overlay-color":"","overlay-opacity":"","overlay-gradient":""},"tablet":{"background-color":"var(--ast-global-color-4)","background-image":"","background-repeat":"repeat","background-position":"center center","background-size":"auto","background-attachment":"scroll","background-type":"","background-media":"","overlay-type":"","overlay-color":"","overlay-opacity":"","overlay-gradient":""},"mobile":{"background-color":"var(--ast-global-color-4)","background-image":"","background-repeat":"repeat","background-position":"center center","background-size":"auto","background-attachment":"scroll","background-type":"","background-media":"","overlay-type":"","overlay-color":"","overlay-opacity":"","overlay-gradient":""}},"footnotes":""},"class_list":["post-331","page","type-page","status-publish","hentry"],"yoast_head":"<!-- This site is optimized with the Yoast SEO plugin v25.9 - https:\/\/yoast.com\/wordpress\/plugins\/seo\/ -->\n<title>Hizmetlerimiz - \u00c7\u0130\u00c7EK HALI YIKAMA<\/title>\n<meta name=\"robots\" content=\"index, follow, max-snippet:-1, max-image-preview:large, max-video-preview:-1\" \/>\n<link rel=\"canonical\" href=\"https:\/\/www.cicekhaliyikama.com.tr\/index.php\/hizmetlerimiz\/\" \/>\n<meta property=\"og:locale\" content=\"tr_TR\" \/>\n<meta property=\"og:type\" content=\"article\" \/>\n<meta property=\"og:title\" content=\"Hizmetlerimiz - \u00c7\u0130\u00c7EK HALI YIKAMA\" \/>\n<meta property=\"og:description\" content=\"Hizmetlerimiz Hal\u0131\/Kilim Y\u0131kama Hal\u0131lar\u0131n\u0131z\u0131n her biri \u00f6zenle y\u0131kan\u0131r, kimyasal \u00fcr\u00fcn kullanmadan Hijyenik ve Tertemiz olur. Yorgan\/Battaniye Y\u0131kama Yorgan ve Battaniyeleriniz [&hellip;]\" \/>\n<meta property=\"og:url\" content=\"https:\/\/www.cicekhaliyikama.com.tr\/index.php\/hizmetlerimiz\/\" \/>\n<meta property=\"og:site_name\" content=\"\u00c7\u0130\u00c7EK HALI YIKAMA\" \/>\n<meta property=\"article:modified_time\" content=\"2025-09-20T10:36:39+00:00\" \/>\n<meta property=\"og:image\" content=\"https:\/\/www.cicekhaliyikama.com.tr\/wp-content\/uploads\/2025\/09\/mpfscx5fqz8.jpg\" \/>\n\t<meta property=\"og:image:width\" content=\"1600\" \/>\n\t<meta property=\"og:image:height\" content=\"1063\" \/>\n\t<meta property=\"og:image:type\" content=\"image\/jpeg\" \/>\n<meta name=\"twitter:card\" content=\"summary_large_image\" \/>\n<meta name=\"twitter:label1\" content=\"Tahmini okuma s\u00fcresi\" \/>\n\t<meta name=\"twitter:data1\" content=\"1 dakika\" \/>\n<script type=\"application\/ld+json\" class=\"yoast-schema-graph\">{\"@context\":\"https:\/\/schema.org\",\"@graph\":[{\"@type\":\"WebPage\",\"@id\":\"https:\/\/www.cicekhaliyikama.com.tr\/index.php\/hizmetlerimiz\/\",\"url\":\"https:\/\/www.cicekhaliyikama.com.tr\/index.php\/hizmetlerimiz\/\",\"name\":\"Hizmetlerimiz - \u00c7\u0130\u00c7EK HALI YIKAMA\",\"isPartOf\":{\"@id\":\"https:\/\/www.cicekhaliyikama.com.tr\/#website\"},\"primaryImageOfPage\":{\"@id\":\"https:\/\/www.cicekhaliyikama.com.tr\/index.php\/hizmetlerimiz\/#primaryimage\"},\"image\":{\"@id\":\"https:\/\/www.cicekhaliyikama.com.tr\/index.php\/hizmetlerimiz\/#primaryimage\"},\"thumbnailUrl\":\"https:\/\/www.cicekhaliyikama.com.tr\/wp-content\/uploads\/2025\/09\/mpfscx5fqz8-1024x680.jpg\",\"datePublished\":\"2025-09-20T10:23:39+00:00\",\"dateModified\":\"2025-09-20T10:36:39+00:00\",\"breadcrumb\":{\"@id\":\"https:\/\/www.cicekhaliyikama.com.tr\/index.php\/hizmetlerimiz\/#breadcrumb\"},\"inLanguage\":\"tr\",\"potentialAction\":[{\"@type\":\"ReadAction\",\"target\":[\"https:\/\/www.cicekhaliyikama.com.tr\/index.php\/hizmetlerimiz\/\"]}]},{\"@type\":\"ImageObject\",\"inLanguage\":\"tr\",\"@id\":\"https:\/\/www.cicekhaliyikama.com.tr\/index.php\/hizmetlerimiz\/#primaryimage\",\"url\":\"https:\/\/www.cicekhaliyikama.com.tr\/wp-content\/uploads\/2025\/09\/mpfscx5fqz8.jpg\",\"contentUrl\":\"https:\/\/www.cicekhaliyikama.com.tr\/wp-content\/uploads\/2025\/09\/mpfscx5fqz8.jpg\",\"width\":1600,\"height\":1063},{\"@type\":\"BreadcrumbList\",\"@id\":\"https:\/\/www.cicekhaliyikama.com.tr\/index.php\/hizmetlerimiz\/#breadcrumb\",\"itemListElement\":[{\"@type\":\"ListItem\",\"position\":1,\"name\":\"Anasayfa\",\"item\":\"https:\/\/www.cicekhaliyikama.com.tr\/\"},{\"@type\":\"ListItem\",\"position\":2,\"name\":\"Hizmetlerimiz\"}]},{\"@type\":\"WebSite\",\"@id\":\"https:\/\/www.cicekhaliyikama.com.tr\/#website\",\"url\":\"https:\/\/www.cicekhaliyikama.com.tr\/\",\"name\":\"\u00c7\u0130\u00c7EK HALI YIKAMA\",\"description\":\"Hal\u0131lar\u0131n\u0131z\u0131 Bize Zaman\u0131n\u0131z\u0131 Sevdiklerinize Ay\u0131r\u0131n\",\"publisher\":{\"@id\":\"https:\/\/www.cicekhaliyikama.com.tr\/#organization\"},\"potentialAction\":[{\"@type\":\"SearchAction\",\"target\":{\"@type\":\"EntryPoint\",\"urlTemplate\":\"https:\/\/www.cicekhaliyikama.com.tr\/?s={search_term_string}\"},\"query-input\":{\"@type\":\"PropertyValueSpecification\",\"valueRequired\":true,\"valueName\":\"search_term_string\"}}],\"inLanguage\":\"tr\"},{\"@type\":\"Organization\",\"@id\":\"https:\/\/www.cicekhaliyikama.com.tr\/#organization\",\"name\":\"\u00c7\u0130\u00c7EK HALI YIKAMA\",\"url\":\"https:\/\/www.cicekhaliyikama.com.tr\/\",\"logo\":{\"@type\":\"ImageObject\",\"inLanguage\":\"tr\",\"@id\":\"https:\/\/www.cicekhaliyikama.com.tr\/#\/schema\/logo\/image\/\",\"url\":\"https:\/\/www.cicekhaliyikama.com.tr\/wp-content\/uploads\/2025\/09\/cropped-Adsiz-tasarim-e1757771733180.png\",\"contentUrl\":\"https:\/\/www.cicekhaliyikama.com.tr\/wp-content\/uploads\/2025\/09\/cropped-Adsiz-tasarim-e1757771733180.png\",\"width\":156,\"height\":87,\"caption\":\"\u00c7\u0130\u00c7EK HALI YIKAMA\"},\"image\":{\"@id\":\"https:\/\/www.cicekhaliyikama.com.tr\/#\/schema\/logo\/image\/\"}}]}<\/script>\n<!-- \/ Yoast SEO plugin. -->","yoast_head_json":{"title":"Hizmetlerimiz - \u00c7\u0130\u00c7EK HALI YIKAMA","robots":{"index":"index","follow":"follow","max-snippet":"max-snippet:-1","max-image-preview":"max-image-preview:large","max-video-preview":"max-video-preview:-1"},"canonical":"https:\/\/www.cicekhaliyikama.com.tr\/index.php\/hizmetlerimiz\/","og_locale":"tr_TR","og_type":"article","og_title":"Hizmetlerimiz - \u00c7\u0130\u00c7EK HALI YIKAMA","og_description":"Hizmetlerimiz Hal\u0131\/Kilim Y\u0131kama Hal\u0131lar\u0131n\u0131z\u0131n her biri \u00f6zenle y\u0131kan\u0131r, kimyasal \u00fcr\u00fcn kullanmadan Hijyenik ve Tertemiz olur. Yorgan\/Battaniye Y\u0131kama Yorgan ve Battaniyeleriniz [&hellip;]","og_url":"https:\/\/www.cicekhaliyikama.com.tr\/index.php\/hizmetlerimiz\/","og_site_name":"\u00c7\u0130\u00c7EK HALI YIKAMA","article_modified_time":"2025-09-20T10:36:39+00:00","og_image":[{"width":1600,"height":1063,"url":"https:\/\/www.cicekhaliyikama.com.tr\/wp-content\/uploads\/2025\/09\/mpfscx5fqz8.jpg","type":"image\/jpeg"}],"twitter_card":"summary_large_image","twitter_misc":{"Tahmini okuma s\u00fcresi":"1 dakika"},"schema":{"@context":"https:\/\/schema.org","@graph":[{"@type":"WebPage","@id":"https:\/\/www.cicekhaliyikama.com.tr\/index.php\/hizmetlerimiz\/","url":"https:\/\/www.cicekhaliyikama.com.tr\/index.php\/hizmetlerimiz\/","name":"Hizmetlerimiz - \u00c7\u0130\u00c7EK HALI YIKAMA","isPartOf":{"@id":"https:\/\/www.cicekhaliyikama.com.tr\/#website"},"primaryImageOfPage":{"@id":"https:\/\/www.cicekhaliyikama.com.tr\/index.php\/hizmetlerimiz\/#primaryimage"},"image":{"@id":"https:\/\/www.cicekhaliyikama.com.tr\/index.php\/hizmetlerimiz\/#primaryimage"},"thumbnailUrl":"https:\/\/www.cicekhaliyikama.com.tr\/wp-content\/uploads\/2025\/09\/mpfscx5fqz8-1024x680.jpg","datePublished":"2025-09-20T10:23:39+00:00","dateModified":"2025-09-20T10:36:39+00:00","breadcrumb":{"@id":"https:\/\/www.cicekhaliyikama.com.tr\/index.php\/hizmetlerimiz\/#breadcrumb"},"inLanguage":"tr","potentialAction":[{"@type":"ReadAction","target":["https:\/\/www.cicekhaliyikama.com.tr\/index.php\/hizmetlerimiz\/"]}]},{"@type":"ImageObject","inLanguage":"tr","@id":"https:\/\/www.cicekhaliyikama.com.tr\/index.php\/hizmetlerimiz\/#primaryimage","url":"https:\/\/www.cicekhaliyikama.com.tr\/wp-content\/uploads\/2025\/09\/mpfscx5fqz8.jpg","contentUrl":"https:\/\/www.cicekhaliyikama.com.tr\/wp-content\/uploads\/2025\/09\/mpfscx5fqz8.jpg","width":1600,"height":1063},{"@type":"BreadcrumbList","@id":"https:\/\/www.cicekhaliyikama.com.tr\/index.php\/hizmetlerimiz\/#breadcrumb","itemListElement":[{"@type":"ListItem","position":1,"name":"Anasayfa","item":"https:\/\/www.cicekhaliyikama.com.tr\/"},{"@type":"ListItem","position":2,"name":"Hizmetlerimiz"}]},{"@type":"WebSite","@id":"https:\/\/www.cicekhaliyikama.com.tr\/#website","url":"https:\/\/www.cicekhaliyikama.com.tr\/","name":"\u00c7\u0130\u00c7EK HALI YIKAMA","description":"Hal\u0131lar\u0131n\u0131z\u0131 Bize Zaman\u0131n\u0131z\u0131 Sevdiklerinize Ay\u0131r\u0131n","publisher":{"@id":"https:\/\/www.cicekhaliyikama.com.tr\/#organization"},"potentialAction":[{"@type":"SearchAction","target":{"@type":"EntryPoint","urlTemplate":"https:\/\/www.cicekhaliyikama.com.tr\/?s={search_term_string}"},"query-input":{"@type":"PropertyValueSpecification","valueRequired":true,"valueName":"search_term_string"}}],"inLanguage":"tr"},{"@type":"Organization","@id":"https:\/\/www.cicekhaliyikama.com.tr\/#organization","name":"\u00c7\u0130\u00c7EK HALI YIKAMA","url":"https:\/\/www.cicekhaliyikama.com.tr\/","logo":{"@type":"ImageObject","inLanguage":"tr","@id":"https:\/\/www.cicekhaliyikama.com.tr\/#\/schema\/logo\/image\/","url":"https:\/\/www.cicekhaliyikama.com.tr\/wp-content\/uploads\/2025\/09\/cropped-Adsiz-tasarim-e1757771733180.png","contentUrl":"https:\/\/www.cicekhaliyikama.com.tr\/wp-content\/uploads\/2025\/09\/cropped-Adsiz-tasarim-e1757771733180.png","width":156,"height":87,"caption":"\u00c7\u0130\u00c7EK HALI YIKAMA"},"image":{"@id":"https:\/\/www.cicekhaliyikama.com.tr\/#\/schema\/logo\/image\/"}}]}},"_links":{"self":[{"href":"https:\/\/www.cicekhaliyikama.com.tr\/index.php\/wp-json\/wp\/v2\/pages\/331","targetHints":{"allow":["GET"]}}],"collection":[{"href":"https:\/\/www.cicekhaliyikama.com.tr\/index.php\/wp-json\/wp\/v2\/pages"}],"about":[{"href":"https:\/\/www.cicekhaliyikama.com.tr\/index.php\/wp-json\/wp\/v2\/types\/page"}],"author":[{"embeddable":true,"href":"https:\/\/www.cicekhaliyikama.com.tr\/index.php\/wp-json\/wp\/v2\/users\/1"}],"replies":[{"embeddable":true,"href":"https:\/\/www.cicekhaliyikama.com.tr\/index.php\/wp-json\/wp\/v2\/comments?post=331"}],"version-history":[{"count":3,"href":"https:\/\/www.cicekhaliyikama.com.tr\/index.php\/wp-json\/wp\/v2\/pages\/331\/revisions"}],"predecessor-version":[{"id":341,"href":"https:\/\/www.cicekhaliyikama.com.tr\/index.php\/wp-json\/wp\/v2\/pages\/331\/revisions\/341"}],"wp:attachment":[{"href":"https:\/\/www.cicekhaliyikama.com.tr\/index.php\/wp-json\/wp\/v2\/media?parent=331"}],"curies":[{"name":"wp","href":"https:\/\/api.w.org\/{rel}","templated":true}]}}